{"id":17337,"date":"2023-09-14T16:38:05","date_gmt":"2023-09-14T19:38:05","guid":{"rendered":"http:\/\/18.228.156.244\/latcom\/?page_id=17337"},"modified":"2023-09-14T17:18:25","modified_gmt":"2023-09-14T20:18:25","slug":"template-mobile-off-canvas","status":"publish","type":"page","link":"https:\/\/latcom.com\/latcom\/out-of-home\/mobile-ooh\/template-mobile-off-canvas\/","title":{"rendered":"Template Mobile Off Canvas"},"content":{"rendered":"<style>.elementor-17337 .elementor-element.elementor-element-5601133{--display:flex;--flex-direction:column;--container-widget-width:100%;--container-widget-height:initial;--container-widget-flex-grow:0;--container-widget-align-self:initial;--flex-wrap-mobile:wrap;}.elementor-widget-text-editor{font-weight:var( --e-global-typography-text-font-weight );color:var( --e-global-color-text );}.elementor-widget-text-editor.elementor-drop-cap-view-stacked .elementor-drop-cap{background-color:var( --e-global-color-primary );}.elementor-widget-text-editor.elementor-drop-cap-view-framed .elementor-drop-cap, .elementor-widget-text-editor.elementor-drop-cap-view-default .elementor-drop-cap{color:var( --e-global-color-primary );border-color:var( --e-global-color-primary );}<\/style>\t\t<div data-elementor-type=\"wp-page\" data-elementor-id=\"17337\" class=\"elementor elementor-17337\">\n\t\t\t\t<div class=\"elementor-element elementor-element-5601133 e-flex e-con-boxed e-con e-parent\" data-id=\"5601133\" data-element_type=\"container\" data-e-type=\"container\">\n\t\t\t\t\t<div class=\"e-con-inner\">\n\t\t\t\t<div class=\"elementor-element elementor-element-a080a0d elementor-widget elementor-widget-text-editor\" data-id=\"a080a0d\" data-element_type=\"widget\" data-e-type=\"widget\" data-widget_type=\"text-editor.default\">\n\t\t\t\t<div class=\"elementor-widget-container\">\n\t\t\t\t\t\t\t\t\t<h5 class=\"m-t-20\"><strong><b>Canales<\/b>:<\/strong><\/h5><ul><li>Programmatic<\/li><li>Social Media<\/li><li>Search<\/li><li>Display<\/li><li>Retargeting<\/li><li>Video<\/li><\/ul><h5 class=\"m-t-20\"><strong><b>Ventajas<\/b>:<\/strong><\/h5><ul><li>Segmentaci\u00f3n de audiencias<\/li><li>Medici\u00f3n y optimizaci\u00f3n en tiempo real<\/li><li>Sinergia OOH<\/li><\/ul><p><a class=\"btn-video2\" href=\"https:\/\/vimeo.com\/864565997\" data-fancybox=\"\" rel=\"nofollow noopener\" target=\"_blank\"><i class=\"bx bx-play\"><\/i>Caso Coca Cola<\/a><\/p>\t\t\t\t\t\t\t\t<\/div>\n\t\t\t\t<\/div>\n\t\t\t\t\t<\/div>\n\t\t\t\t<\/div>\n\t\t\t\t<\/div>\n\t\t","protected":false},"excerpt":{"rendered":"<p>Canales: Programmatic Social Media Search Display Retargeting Video Ventajas: Segmentaci\u00f3n de audiencias Medici\u00f3n y optimizaci\u00f3n en tiempo real Sinergia OOH Caso Coca Cola<\/p>\n","protected":false},"author":1,"featured_media":0,"parent":1597,"menu_order":0,"comment_status":"closed","ping_status":"closed","template":"","meta":{"_acf_changed":false,"inline_featured_image":false,"footnotes":""},"class_list":["post-17337","page","type-page","status-publish"],"acf":[],"lang":"es","translations":{"es":17337,"en":17392,"pt":17409},"pll_sync_post":[],"_links":{"self":[{"href":"https:\/\/latcom.com\/latcom\/wp-json\/wp\/v2\/pages\/17337","targetHints":{"allow":["GET"]}}],"collection":[{"href":"https:\/\/latcom.com\/latcom\/wp-json\/wp\/v2\/pages"}],"about":[{"href":"https:\/\/latcom.com\/latcom\/wp-json\/wp\/v2\/types\/page"}],"author":[{"embeddable":true,"href":"https:\/\/latcom.com\/latcom\/wp-json\/wp\/v2\/users\/1"}],"replies":[{"embeddable":true,"href":"https:\/\/latcom.com\/latcom\/wp-json\/wp\/v2\/comments?post=17337"}],"version-history":[{"count":16,"href":"https:\/\/latcom.com\/latcom\/wp-json\/wp\/v2\/pages\/17337\/revisions"}],"predecessor-version":[{"id":17402,"href":"https:\/\/latcom.com\/latcom\/wp-json\/wp\/v2\/pages\/17337\/revisions\/17402"}],"up":[{"embeddable":true,"href":"https:\/\/latcom.com\/latcom\/wp-json\/wp\/v2\/pages\/1597"}],"wp:attachment":[{"href":"https:\/\/latcom.com\/latcom\/wp-json\/wp\/v2\/media?parent=17337"}],"curies":[{"name":"wp","href":"https:\/\/api.w.org\/{rel}","templated":true}]}}