{"id":17286,"date":"2023-09-14T15:36:53","date_gmt":"2023-09-14T18:36:53","guid":{"rendered":"http:\/\/18.228.156.244\/latcom\/?page_id=17286"},"modified":"2023-09-21T16:41:57","modified_gmt":"2023-09-21T19:41:57","slug":"template-digital-off-canvas","status":"publish","type":"page","link":"https:\/\/latcom.com\/latcom\/pt\/out-of-home\/digital\/template-digital-off-canvas\/","title":{"rendered":"Template Digital Off Canvas"},"content":{"rendered":"<style>.elementor-17286 .elementor-element.elementor-element-d4fa449{--display:flex;}.elementor-widget-accordion .elementor-accordion-icon, .elementor-widget-accordion .elementor-accordion-title{color:var( --e-global-color-primary );}.elementor-widget-accordion .elementor-accordion-icon svg{fill:var( --e-global-color-primary );}.elementor-widget-accordion .elementor-active .elementor-accordion-icon, .elementor-widget-accordion .elementor-active .elementor-accordion-title{color:var( --e-global-color-accent );}.elementor-widget-accordion .elementor-active .elementor-accordion-icon svg{fill:var( --e-global-color-accent );}.elementor-widget-accordion .elementor-accordion-title{font-weight:var( --e-global-typography-primary-font-weight );}.elementor-widget-accordion .elementor-tab-content{color:var( --e-global-color-text );font-weight:var( --e-global-typography-text-font-weight );}.elementor-17286 .elementor-element.elementor-element-52e22e7 .elementor-accordion-item{border-width:0px;}.elementor-17286 .elementor-element.elementor-element-52e22e7 .elementor-accordion-item .elementor-tab-content{border-width:0px;}.elementor-17286 .elementor-element.elementor-element-52e22e7 .elementor-accordion-item .elementor-tab-title.elementor-active{border-width:0px;}.elementor-17286 .elementor-element.elementor-element-52e22e7 .elementor-accordion-icon, .elementor-17286 .elementor-element.elementor-element-52e22e7 .elementor-accordion-title{color:#0C125F;}.elementor-17286 .elementor-element.elementor-element-52e22e7 .elementor-accordion-icon svg{fill:#0C125F;}.elementor-17286 .elementor-element.elementor-element-52e22e7 .elementor-active .elementor-accordion-icon, .elementor-17286 .elementor-element.elementor-element-52e22e7 .elementor-active .elementor-accordion-title{color:#E06330;}.elementor-17286 .elementor-element.elementor-element-52e22e7 .elementor-active .elementor-accordion-icon svg{fill:#E06330;}.elementor-17286 .elementor-element.elementor-element-52e22e7 .elementor-accordion-title{font-family:\"Sofia Pro\", Sans-serif;font-weight:400;}.elementor-17286 .elementor-element.elementor-element-52e22e7 .elementor-tab-content{font-family:\"Sofia Pro\", Sans-serif;font-weight:400;}<\/style>\t\t<div data-elementor-type=\"wp-page\" data-elementor-id=\"17286\" class=\"elementor elementor-17286\">\n\t\t\t\t<div class=\"elementor-element elementor-element-d4fa449 e-flex e-con-boxed e-con e-parent\" data-id=\"d4fa449\" data-element_type=\"container\" data-e-type=\"container\">\n\t\t\t\t\t<div class=\"e-con-inner\">\n\t\t\t\t<div class=\"elementor-element elementor-element-52e22e7 elementor-widget elementor-widget-accordion\" data-id=\"52e22e7\" data-element_type=\"widget\" data-e-type=\"widget\" data-widget_type=\"accordion.default\">\n\t\t\t\t<div class=\"elementor-widget-container\">\n\t\t\t\t\t\t\t<div class=\"elementor-accordion\">\n\t\t\t\t\t\t\t<div class=\"elementor-accordion-item\">\n\t\t\t\t\t<div id=\"elementor-tab-title-8691\" class=\"elementor-tab-title\" data-tab=\"1\" role=\"button\" aria-controls=\"elementor-tab-content-8691\" aria-expanded=\"false\">\n\t\t\t\t\t\t\t\t\t\t\t\t\t<span class=\"elementor-accordion-icon elementor-accordion-icon-left\" aria-hidden=\"true\">\n\t\t\t\t\t\t\t\t\t\t\t\t\t\t\t<span class=\"elementor-accordion-icon-closed\"><i class=\"fas fa-plus\"><\/i><\/span>\n\t\t\t\t\t\t\t\t<span class=\"elementor-accordion-icon-opened\"><i class=\"fas fa-minus\"><\/i><\/span>\n\t\t\t\t\t\t\t\t\t\t\t\t\t\t<\/span>\n\t\t\t\t\t\t\t\t\t\t\t\t<a class=\"elementor-accordion-title\" tabindex=\"0\">Suportes<\/a>\n\t\t\t\t\t<\/div>\n\t\t\t\t\t<div id=\"elementor-tab-content-8691\" class=\"elementor-tab-content elementor-clearfix\" data-tab=\"1\" role=\"region\" aria-labelledby=\"elementor-tab-title-8691\"><ul>\n \t<li>Grande formato digital,<\/li>\n \t<li>Formato m\u00e9dio digital,<\/li>\n \t<li>Totem Digital,<\/li>\n \t<li>Elementos M\u00f3veis digitais<\/li>\n<\/ul><\/div>\n\t\t\t\t<\/div>\n\t\t\t\t\t\t\t<div class=\"elementor-accordion-item\">\n\t\t\t\t\t<div id=\"elementor-tab-title-8692\" class=\"elementor-tab-title\" data-tab=\"2\" role=\"button\" aria-controls=\"elementor-tab-content-8692\" aria-expanded=\"false\">\n\t\t\t\t\t\t\t\t\t\t\t\t\t<span class=\"elementor-accordion-icon elementor-accordion-icon-left\" aria-hidden=\"true\">\n\t\t\t\t\t\t\t\t\t\t\t\t\t\t\t<span class=\"elementor-accordion-icon-closed\"><i class=\"fas fa-plus\"><\/i><\/span>\n\t\t\t\t\t\t\t\t<span class=\"elementor-accordion-icon-opened\"><i class=\"fas fa-minus\"><\/i><\/span>\n\t\t\t\t\t\t\t\t\t\t\t\t\t\t<\/span>\n\t\t\t\t\t\t\t\t\t\t\t\t<a class=\"elementor-accordion-title\" tabindex=\"0\">An\u00fancios Din\u00e2micos<\/a>\n\t\t\t\t\t<\/div>\n\t\t\t\t\t<div id=\"elementor-tab-content-8692\" class=\"elementor-tab-content elementor-clearfix\" data-tab=\"2\" role=\"region\" aria-labelledby=\"elementor-tab-title-8692\"><p>A publicidade din\u00e2mica permite alterar o conte\u00fado em tempo real, adaptando os criativos a vari\u00e1veis espec\u00edficas (clima, hor\u00e1rio, tr\u00e1fego, n\u00edveis de polui\u00e7\u00e3o e intera\u00e7\u00f5es nas redes sociais)<\/p><p><a class=\"btn-video2\" href=\"https:\/\/vimeo.com\/864469768\" data-fancybox=\"\" rel=\"nofollow noopener\" target=\"_blank\"><i class=\"bx bx-play\"><\/i>ver v\u00eddeo<\/a><\/p><\/div>\n\t\t\t\t<\/div>\n\t\t\t\t\t\t\t<div class=\"elementor-accordion-item\">\n\t\t\t\t\t<div id=\"elementor-tab-title-8693\" class=\"elementor-tab-title\" data-tab=\"3\" role=\"button\" aria-controls=\"elementor-tab-content-8693\" aria-expanded=\"false\">\n\t\t\t\t\t\t\t\t\t\t\t\t\t<span class=\"elementor-accordion-icon elementor-accordion-icon-left\" aria-hidden=\"true\">\n\t\t\t\t\t\t\t\t\t\t\t\t\t\t\t<span class=\"elementor-accordion-icon-closed\"><i class=\"fas fa-plus\"><\/i><\/span>\n\t\t\t\t\t\t\t\t<span class=\"elementor-accordion-icon-opened\"><i class=\"fas fa-minus\"><\/i><\/span>\n\t\t\t\t\t\t\t\t\t\t\t\t\t\t<\/span>\n\t\t\t\t\t\t\t\t\t\t\t\t<a class=\"elementor-accordion-title\" tabindex=\"0\">Cluster Digital<\/a>\n\t\t\t\t\t<\/div>\n\t\t\t\t\t<div id=\"elementor-tab-content-8693\" class=\"elementor-tab-content elementor-clearfix\" data-tab=\"3\" role=\"region\" aria-labelledby=\"elementor-tab-title-8693\"><p>Comunica\u00e7\u00e3o segmentada em conte\u00fados e faixas hor\u00e1rias em locais selecionados com mensagens tempor\u00e1rias em momentos chave para redirecionar as audi\u00eancias para as lojas.<\/p><p><a class=\"btn-video2\" href=\"https:\/\/vimeo.com\/866893463\" data-fancybox=\"\" rel=\"nofollow noopener\" target=\"_blank\"><i class=\"bx bx-play\"><\/i>ver v\u00eddeo<\/a><\/p><\/div>\n\t\t\t\t<\/div>\n\t\t\t\t\t\t\t<div class=\"elementor-accordion-item\">\n\t\t\t\t\t<div id=\"elementor-tab-title-8694\" class=\"elementor-tab-title\" data-tab=\"4\" role=\"button\" aria-controls=\"elementor-tab-content-8694\" aria-expanded=\"false\">\n\t\t\t\t\t\t\t\t\t\t\t\t\t<span class=\"elementor-accordion-icon elementor-accordion-icon-left\" aria-hidden=\"true\">\n\t\t\t\t\t\t\t\t\t\t\t\t\t\t\t<span class=\"elementor-accordion-icon-closed\"><i class=\"fas fa-plus\"><\/i><\/span>\n\t\t\t\t\t\t\t\t<span class=\"elementor-accordion-icon-opened\"><i class=\"fas fa-minus\"><\/i><\/span>\n\t\t\t\t\t\t\t\t\t\t\t\t\t\t<\/span>\n\t\t\t\t\t\t\t\t\t\t\t\t<a class=\"elementor-accordion-title\" tabindex=\"0\">Program\u00e1tica<\/a>\n\t\t\t\t\t<\/div>\n\t\t\t\t\t<div id=\"elementor-tab-content-8694\" class=\"elementor-tab-content elementor-clearfix\" data-tab=\"4\" role=\"region\" aria-labelledby=\"elementor-tab-title-8694\">O processo de aquisi\u00e7\u00e3o automatizada da Digital Out Of Home que, por meio de algoritmos e tecnologia, seleciona com efici\u00eancia os espa\u00e7os publicit\u00e1rios mais adequados para cada p\u00fablico, com base em dados e an\u00e1lises em tempo real.<\/div>\n\t\t\t\t<\/div>\n\t\t\t\t\t\t\t\t<\/div>\n\t\t\t\t\t\t<\/div>\n\t\t\t\t<\/div>\n\t\t\t\t\t<\/div>\n\t\t\t\t<\/div>\n\t\t\t\t<\/div>\n\t\t","protected":false},"excerpt":{"rendered":"<p>Suportes Grande formato digital, Formato m\u00e9dio digital, Totem Digital, Elementos M\u00f3veis digitais An\u00fancios Din\u00e2micos A publicidade din\u00e2mica permite alterar o conte\u00fado em tempo real, adaptando os criativos a vari\u00e1veis espec\u00edficas (clima, hor\u00e1rio, tr\u00e1fego, n\u00edveis de polui\u00e7\u00e3o e intera\u00e7\u00f5es nas redes sociais) ver v\u00eddeo Cluster Digital Comunica\u00e7\u00e3o segmentada em conte\u00fados e faixas hor\u00e1rias em locais selecionados &#8230; <a title=\"Template Digital Off Canvas\" class=\"read-more\" href=\"https:\/\/latcom.com\/latcom\/pt\/out-of-home\/digital\/template-digital-off-canvas\/\" aria-label=\"Leer m\u00e1s sobre Template Digital Off Canvas\">Leer m\u00e1s<\/a><\/p>\n","protected":false},"author":1,"featured_media":0,"parent":14466,"menu_order":0,"comment_status":"closed","ping_status":"closed","template":"","meta":{"_acf_changed":false,"inline_featured_image":false,"footnotes":""},"class_list":["post-17286","page","type-page","status-publish"],"acf":[],"lang":"pt","translations":{"pt":17286,"en":17252,"es":17221},"pll_sync_post":[],"_links":{"self":[{"href":"https:\/\/latcom.com\/latcom\/wp-json\/wp\/v2\/pages\/17286","targetHints":{"allow":["GET"]}}],"collection":[{"href":"https:\/\/latcom.com\/latcom\/wp-json\/wp\/v2\/pages"}],"about":[{"href":"https:\/\/latcom.com\/latcom\/wp-json\/wp\/v2\/types\/page"}],"author":[{"embeddable":true,"href":"https:\/\/latcom.com\/latcom\/wp-json\/wp\/v2\/users\/1"}],"replies":[{"embeddable":true,"href":"https:\/\/latcom.com\/latcom\/wp-json\/wp\/v2\/comments?post=17286"}],"version-history":[{"count":10,"href":"https:\/\/latcom.com\/latcom\/wp-json\/wp\/v2\/pages\/17286\/revisions"}],"predecessor-version":[{"id":19407,"href":"https:\/\/latcom.com\/latcom\/wp-json\/wp\/v2\/pages\/17286\/revisions\/19407"}],"up":[{"embeddable":true,"href":"https:\/\/latcom.com\/latcom\/wp-json\/wp\/v2\/pages\/14466"}],"wp:attachment":[{"href":"https:\/\/latcom.com\/latcom\/wp-json\/wp\/v2\/media?parent=17286"}],"curies":[{"name":"wp","href":"https:\/\/api.w.org\/{rel}","templated":true}]}}