{"id":1705,"date":"2022-12-21T15:26:19","date_gmt":"2022-12-21T18:26:19","guid":{"rendered":"http:\/\/18.228.156.244\/latcom\/?page_id=1705"},"modified":"2025-10-27T15:53:30","modified_gmt":"2025-10-27T18:53:30","slug":"todas-las-noticias","status":"publish","type":"page","link":"https:\/\/latcom.com\/latcom\/todas-las-noticias\/","title":{"rendered":"Noticias"},"content":{"rendered":"<style>.elementor-1705 .elementor-element.elementor-element-aeca7f3{--display:flex;--flex-direction:row;--container-widget-width:calc( ( 1 - var( --container-widget-flex-grow ) ) * 100% );--container-widget-height:100%;--container-widget-flex-grow:1;--container-widget-align-self:stretch;--flex-wrap-mobile:wrap;--align-items:center;--gap:0px 0px;--row-gap:0px;--column-gap:0px;}.elementor-1705 .elementor-element.elementor-element-aeca7f3:not(.elementor-motion-effects-element-type-background), .elementor-1705 .elementor-element.elementor-element-aeca7f3 > .elementor-motion-effects-container > .elementor-motion-effects-layer{background-color:#00294F;}.elementor-1705 .elementor-element.elementor-element-e1a4243{--display:flex;--justify-content:center;}.elementor-widget-text-editor{font-weight:var( --e-global-typography-text-font-weight );color:var( --e-global-color-text );}.elementor-widget-text-editor.elementor-drop-cap-view-stacked .elementor-drop-cap{background-color:var( --e-global-color-primary );}.elementor-widget-text-editor.elementor-drop-cap-view-framed .elementor-drop-cap, .elementor-widget-text-editor.elementor-drop-cap-view-default .elementor-drop-cap{color:var( --e-global-color-primary );border-color:var( --e-global-color-primary );}.elementor-1705 .elementor-element.elementor-element-c759d11{text-align:center;color:#FFFFFF;}.elementor-1705 .elementor-element.elementor-element-c759d11.elementor-element{--flex-grow:0;--flex-shrink:0;}.elementor-1705 .elementor-element.elementor-element-2259420{--display:flex;--justify-content:center;}.elementor-1705 .elementor-element.elementor-element-c89a245{text-align:center;font-weight:400;color:#FFFFFF;}.elementor-1705 .elementor-element.elementor-element-4acfb0f{font-family:\"Sofia Pro\", Sans-serif;font-weight:400;color:#FFFFFF;}.elementor-1705 .elementor-element.elementor-element-4acfb0f > .elementor-widget-container{margin:0px 0px 0px 0px;padding:0px 0px 5px 0px;}.elementor-1705 .elementor-element.elementor-element-3d5a26d{--display:flex;--flex-direction:row;--container-widget-width:initial;--container-widget-height:100%;--container-widget-flex-grow:1;--container-widget-align-self:stretch;--flex-wrap-mobile:wrap;}.elementor-1705 .elementor-element.elementor-element-bad2968{width:100%;max-width:100%;}@media(max-width:767px){.elementor-1705 .elementor-element.elementor-element-aeca7f3{--padding-top:0px;--padding-bottom:0px;--padding-left:0px;--padding-right:0px;}.elementor-1705 .elementor-element.elementor-element-e1a4243{--width:40%;--flex-direction:row;--container-widget-width:initial;--container-widget-height:100%;--container-widget-flex-grow:1;--container-widget-align-self:stretch;--flex-wrap-mobile:wrap;--justify-content:center;--padding-top:0px;--padding-bottom:0px;--padding-left:0px;--padding-right:0px;}.elementor-1705 .elementor-element.elementor-element-c759d11{column-gap:0px;}.elementor-1705 .elementor-element.elementor-element-2259420{--width:60%;--padding-top:0px;--padding-bottom:0px;--padding-left:0px;--padding-right:0px;}}@media(min-width:768px){.elementor-1705 .elementor-element.elementor-element-e1a4243{--width:15%;}.elementor-1705 .elementor-element.elementor-element-2259420{--width:85%;}}@media(max-width:1024px) and (min-width:768px){.elementor-1705 .elementor-element.elementor-element-e1a4243{--width:20%;}.elementor-1705 .elementor-element.elementor-element-2259420{--width:80%;}}<\/style>\t\t<div data-elementor-type=\"wp-page\" data-elementor-id=\"1705\" class=\"elementor elementor-1705\">\n\t\t\t\t<div class=\"elementor-element elementor-element-aeca7f3 e-con-full e-flex e-con e-parent\" data-id=\"aeca7f3\" data-element_type=\"container\" data-e-type=\"container\" data-settings=\"{&quot;background_background&quot;:&quot;classic&quot;}\">\n\t\t<div class=\"elementor-element elementor-element-e1a4243 e-con-full e-flex e-con e-child\" data-id=\"e1a4243\" data-element_type=\"container\" data-e-type=\"container\">\n\t\t\t\t<div class=\"elementor-element elementor-element-c759d11 elementor-widget elementor-widget-text-editor\" data-id=\"c759d11\" data-element_type=\"widget\" data-e-type=\"widget\" data-widget_type=\"text-editor.default\">\n\t\t\t\t<div class=\"elementor-widget-container\">\n\t\t\t\t\t\t\t\t\t<p><div class=\"volver-atras\">\r\n    <div>\r\n        <a class=\"elementor-button elementor-button-link elementor-size-sm elementor-animation-pop\" href=\"#\" style=\"\r\n                        background-color: #E06330;\r\n                        border-style: solid;\r\n                        border-width: 1px 1px 1px 1px;\r\n                        border-color: #FFFFFF;\r\n                        border-radius: 50px 50px 50px 50px;\r\n                        \">\r\n        \t<span class=\"elementor-button-content-wrapper\">\r\n        \t    <span class=\"elementor-button-text\"><< Volver<\/span>\r\n        \t<\/span>\r\n        <\/a>\r\n    <\/div>\r\n<\/div><\/p>\t\t\t\t\t\t\t\t<\/div>\n\t\t\t\t<\/div>\n\t\t\t\t<\/div>\n\t\t<div class=\"elementor-element elementor-element-2259420 e-con-full e-flex e-con e-child\" data-id=\"2259420\" data-element_type=\"container\" data-e-type=\"container\">\n\t\t\t\t<div class=\"elementor-element elementor-element-c89a245 elementor-widget elementor-widget-text-editor\" data-id=\"c89a245\" data-element_type=\"widget\" data-e-type=\"widget\" data-widget_type=\"text-editor.default\">\n\t\t\t\t<div class=\"elementor-widget-container\">\n\t\t\t\t\t\t\t\t\t<p><h2 class=\"subheader-title\" title=\"Noticias\" data-rank-math-title=\"Noticias\">Noticias<\/h2><\/p>\t\t\t\t\t\t\t\t<\/div>\n\t\t\t\t<\/div>\n\t\t\t\t<div class=\"elementor-element elementor-element-4acfb0f elementor-widget elementor-widget-text-editor\" data-id=\"4acfb0f\" data-element_type=\"widget\" data-e-type=\"widget\" data-widget_type=\"text-editor.default\">\n\t\t\t\t<div class=\"elementor-widget-container\">\n\t\t\t\t\t\t\t\t\t<p style=\"text-align: center;\">Todos los comunicados de prensa y las \u00faltimas novedades de Latcom<\/p>\t\t\t\t\t\t\t\t<\/div>\n\t\t\t\t<\/div>\n\t\t\t\t<\/div>\n\t\t\t\t<\/div>\n\t\t<div class=\"elementor-element elementor-element-3d5a26d noticias e-flex e-con-boxed e-con e-parent\" data-id=\"3d5a26d\" data-element_type=\"container\" data-e-type=\"container\">\n\t\t\t\t\t<div class=\"e-con-inner\">\n\t\t\t\t<div class=\"elementor-element elementor-element-bad2968 elementor-widget__width-inherit elementor-widget elementor-widget-text-editor\" data-id=\"bad2968\" data-element_type=\"widget\" data-e-type=\"widget\" data-widget_type=\"text-editor.default\">\n\t\t\t\t<div class=\"elementor-widget-container\">\n\t\t\t\t\t\t\t\t\t<p><style>.wp-show-posts-columns#wpsp-7501 {margin-left: -1em; }.wp-show-posts-columns#wpsp-7501 .wp-show-posts-inner {margin: 0 0 1em 1em; }<\/style><section id=\"wpsp-7501\" class=\" wp-show-posts-columns wp-show-posts\" style=\"\"><article class=\" wp-show-posts-single post-33234 post type-post status-publish format-standard has-post-thumbnail hentry category-noticias wpsp-col-4\" itemtype=\"http:\/\/schema.org\/CreativeWork\" itemscope><div class=\"wp-show-posts-inner\" style=\"\">\t\t<div class=\"wp-show-posts-image  wpsp-image-center \">\n\t\t\t<a href=\"https:\/\/latcom.com\/latcom\/wk-latcom-y-nike-transformaron-la-media-maraton-de-buenos-aires\/\"  title=\"W+K, Latcom y Nike transformaron la Media Marat\u00f3n de Buenos Aires\"><img fetchpriority=\"high\" decoding=\"async\" width=\"1200\" height=\"700\" src=\"https:\/\/latcom.com\/latcom\/wp-content\/uploads\/2025\/10\/wk-latcom-y-nike-transformaron-la-media-maratn-de-buenos-aires-d.jpg\" class=\"attachment-full size-full wp-post-image\" alt=\"\" itemprop=\"image\" srcset=\"https:\/\/latcom.com\/latcom\/wp-content\/uploads\/2025\/10\/wk-latcom-y-nike-transformaron-la-media-maratn-de-buenos-aires-d.jpg 1200w, https:\/\/latcom.com\/latcom\/wp-content\/uploads\/2025\/10\/wk-latcom-y-nike-transformaron-la-media-maratn-de-buenos-aires-d-300x175.jpg 300w, https:\/\/latcom.com\/latcom\/wp-content\/uploads\/2025\/10\/wk-latcom-y-nike-transformaron-la-media-maratn-de-buenos-aires-d-1024x597.jpg 1024w, https:\/\/latcom.com\/latcom\/wp-content\/uploads\/2025\/10\/wk-latcom-y-nike-transformaron-la-media-maratn-de-buenos-aires-d-768x448.jpg 768w\" sizes=\"(max-width: 1200px) 100vw, 1200px\" title=\"\"><\/a>\t\t<\/div>\n\t\t\t\t\t\t\t\t<header class=\"wp-show-posts-entry-header\">\n\t\t\t\t\t\t\t<h4 class=\"wp-show-posts-entry-title\" itemprop=\"headline\"><a href=\"https:\/\/latcom.com\/latcom\/wk-latcom-y-nike-transformaron-la-media-maraton-de-buenos-aires\/\" rel=\"bookmark\">W+K, Latcom y Nike transformaron la Media Marat\u00f3n de Buenos Aires<\/a><\/h4>\t\t\t\t\t\t<\/header><!-- .entry-header -->\n\t\t\t\t\t<div class=\"wpsp-read-more\"><a title=\"W+K, Latcom y Nike transformaron la Media Marat\u00f3n de Buenos Aires\" class=\"wp-show-posts-read-more\" href=\"https:\/\/latcom.com\/latcom\/wk-latcom-y-nike-transformaron-la-media-maraton-de-buenos-aires\/\">Leer m\u00e1s<\/a><\/div><\/div><!-- wp-show-posts-inner --><\/article><article class=\" wp-show-posts-single post-33226 post type-post status-publish format-standard has-post-thumbnail hentry category-noticias wpsp-col-4\" itemtype=\"http:\/\/schema.org\/CreativeWork\" itemscope><div class=\"wp-show-posts-inner\" style=\"\">\t\t<div class=\"wp-show-posts-image  wpsp-image-center \">\n\t\t\t<a href=\"https:\/\/latcom.com\/latcom\/latcom-llevo-su-expertise-al-congreso-de-la-woo-con-una-campana-propia-y-efectiva\/\"  title=\"Latcom llev\u00f3 su expertise al congreso de la WOO con una campa\u00f1a propia y efectiva\"><img decoding=\"async\" width=\"1200\" height=\"700\" src=\"https:\/\/latcom.com\/latcom\/wp-content\/uploads\/2025\/10\/latcom-llevo-su-expertise-al-congreso-de-la-woo-con-una-campana-propia-y-efectiva-d.jpg\" class=\"attachment-full size-full wp-post-image\" alt=\"\" itemprop=\"image\" srcset=\"https:\/\/latcom.com\/latcom\/wp-content\/uploads\/2025\/10\/latcom-llevo-su-expertise-al-congreso-de-la-woo-con-una-campana-propia-y-efectiva-d.jpg 1200w, https:\/\/latcom.com\/latcom\/wp-content\/uploads\/2025\/10\/latcom-llevo-su-expertise-al-congreso-de-la-woo-con-una-campana-propia-y-efectiva-d-300x175.jpg 300w, https:\/\/latcom.com\/latcom\/wp-content\/uploads\/2025\/10\/latcom-llevo-su-expertise-al-congreso-de-la-woo-con-una-campana-propia-y-efectiva-d-1024x597.jpg 1024w, https:\/\/latcom.com\/latcom\/wp-content\/uploads\/2025\/10\/latcom-llevo-su-expertise-al-congreso-de-la-woo-con-una-campana-propia-y-efectiva-d-768x448.jpg 768w\" sizes=\"(max-width: 1200px) 100vw, 1200px\" title=\"\"><\/a>\t\t<\/div>\n\t\t\t\t\t\t\t\t<header class=\"wp-show-posts-entry-header\">\n\t\t\t\t\t\t\t<h4 class=\"wp-show-posts-entry-title\" itemprop=\"headline\"><a href=\"https:\/\/latcom.com\/latcom\/latcom-llevo-su-expertise-al-congreso-de-la-woo-con-una-campana-propia-y-efectiva\/\" rel=\"bookmark\">Latcom llev\u00f3 su expertise al congreso de la WOO con una campa\u00f1a propia y efectiva<\/a><\/h4>\t\t\t\t\t\t<\/header><!-- .entry-header -->\n\t\t\t\t\t<div class=\"wpsp-read-more\"><a title=\"Latcom llev\u00f3 su expertise al congreso de la WOO con una campa\u00f1a propia y efectiva\" class=\"wp-show-posts-read-more\" href=\"https:\/\/latcom.com\/latcom\/latcom-llevo-su-expertise-al-congreso-de-la-woo-con-una-campana-propia-y-efectiva\/\">Leer m\u00e1s<\/a><\/div><\/div><!-- wp-show-posts-inner --><\/article><article class=\" wp-show-posts-single post-33213 post type-post status-publish format-standard has-post-thumbnail hentry category-noticias wpsp-col-4\" itemtype=\"http:\/\/schema.org\/CreativeWork\" itemscope><div class=\"wp-show-posts-inner\" style=\"\">\t\t<div class=\"wp-show-posts-image  wpsp-image-center \">\n\t\t\t<a href=\"https:\/\/latcom.com\/latcom\/latcom-llevo-a-las-marcas-en-el-verno-a-los-destinos-turisticos-mas-destacados-de-argentina-y-uruguay\/\"  title=\"Latcom llev\u00f3 a las marcas en el verno a los destinos tur\u00edsticos m\u00e1s destacados de Argentina y Uruguay\"><img decoding=\"async\" width=\"1200\" height=\"700\" src=\"https:\/\/latcom.com\/latcom\/wp-content\/uploads\/2025\/10\/lc-llevo-a-las-marcas-en-el-verano-d.jpg\" class=\"attachment-full size-full wp-post-image\" alt=\"\" itemprop=\"image\" srcset=\"https:\/\/latcom.com\/latcom\/wp-content\/uploads\/2025\/10\/lc-llevo-a-las-marcas-en-el-verano-d.jpg 1200w, https:\/\/latcom.com\/latcom\/wp-content\/uploads\/2025\/10\/lc-llevo-a-las-marcas-en-el-verano-d-300x175.jpg 300w, https:\/\/latcom.com\/latcom\/wp-content\/uploads\/2025\/10\/lc-llevo-a-las-marcas-en-el-verano-d-1024x597.jpg 1024w, https:\/\/latcom.com\/latcom\/wp-content\/uploads\/2025\/10\/lc-llevo-a-las-marcas-en-el-verano-d-768x448.jpg 768w\" sizes=\"(max-width: 1200px) 100vw, 1200px\" title=\"\"><\/a>\t\t<\/div>\n\t\t\t\t\t\t\t\t<header class=\"wp-show-posts-entry-header\">\n\t\t\t\t\t\t\t<h4 class=\"wp-show-posts-entry-title\" itemprop=\"headline\"><a href=\"https:\/\/latcom.com\/latcom\/latcom-llevo-a-las-marcas-en-el-verno-a-los-destinos-turisticos-mas-destacados-de-argentina-y-uruguay\/\" rel=\"bookmark\">Latcom llev\u00f3 a las marcas en el verno a los destinos tur\u00edsticos m\u00e1s destacados de Argentina y Uruguay<\/a><\/h4>\t\t\t\t\t\t<\/header><!-- .entry-header -->\n\t\t\t\t\t<div class=\"wpsp-read-more\"><a title=\"Latcom llev\u00f3 a las marcas en el verno a los destinos tur\u00edsticos m\u00e1s destacados de Argentina y Uruguay\" class=\"wp-show-posts-read-more\" href=\"https:\/\/latcom.com\/latcom\/latcom-llevo-a-las-marcas-en-el-verno-a-los-destinos-turisticos-mas-destacados-de-argentina-y-uruguay\/\">Leer m\u00e1s<\/a><\/div><\/div><!-- wp-show-posts-inner --><\/article><article class=\" wp-show-posts-single post-32324 post type-post status-publish format-standard has-post-thumbnail hentry category-noticias wpsp-col-4\" itemtype=\"http:\/\/schema.org\/CreativeWork\" itemscope><div class=\"wp-show-posts-inner\" style=\"\">\t\t<div class=\"wp-show-posts-image  wpsp-image-center \">\n\t\t\t<a href=\"https:\/\/latcom.com\/latcom\/axe-y-latcom-lanzan-una-campana-ooh-protagonizada-por-bizarrap\/\"  title=\"AXE y Latcom lanzan una campa\u00f1a OOH protagonizada por Bizarrap\"><img loading=\"lazy\" decoding=\"async\" width=\"1200\" height=\"700\" src=\"https:\/\/latcom.com\/latcom\/wp-content\/uploads\/2025\/06\/axe-y-latcom-lanzan-una-campana-ooh-protagonizada-por-bizarrap-d.jpg\" class=\"attachment-full size-full wp-post-image\" alt=\"AXE y Latcom lanzan una campa\u00f1a OOH protagonizada por Bizarrap\" itemprop=\"image\" srcset=\"https:\/\/latcom.com\/latcom\/wp-content\/uploads\/2025\/06\/axe-y-latcom-lanzan-una-campana-ooh-protagonizada-por-bizarrap-d.jpg 1200w, https:\/\/latcom.com\/latcom\/wp-content\/uploads\/2025\/06\/axe-y-latcom-lanzan-una-campana-ooh-protagonizada-por-bizarrap-d-300x175.jpg 300w, https:\/\/latcom.com\/latcom\/wp-content\/uploads\/2025\/06\/axe-y-latcom-lanzan-una-campana-ooh-protagonizada-por-bizarrap-d-1024x597.jpg 1024w, https:\/\/latcom.com\/latcom\/wp-content\/uploads\/2025\/06\/axe-y-latcom-lanzan-una-campana-ooh-protagonizada-por-bizarrap-d-768x448.jpg 768w\" sizes=\"(max-width: 1200px) 100vw, 1200px\" title=\"\"><\/a>\t\t<\/div>\n\t\t\t\t\t\t\t\t<header class=\"wp-show-posts-entry-header\">\n\t\t\t\t\t\t\t<h4 class=\"wp-show-posts-entry-title\" itemprop=\"headline\"><a href=\"https:\/\/latcom.com\/latcom\/axe-y-latcom-lanzan-una-campana-ooh-protagonizada-por-bizarrap\/\" rel=\"bookmark\">AXE y Latcom lanzan una campa\u00f1a OOH protagonizada por Bizarrap<\/a><\/h4>\t\t\t\t\t\t<\/header><!-- .entry-header -->\n\t\t\t\t\t<div class=\"wpsp-read-more\"><a title=\"AXE y Latcom lanzan una campa\u00f1a OOH protagonizada por Bizarrap\" class=\"wp-show-posts-read-more\" href=\"https:\/\/latcom.com\/latcom\/axe-y-latcom-lanzan-una-campana-ooh-protagonizada-por-bizarrap\/\">Leer m\u00e1s<\/a><\/div><\/div><!-- wp-show-posts-inner --><\/article><article class=\" wp-show-posts-single post-32314 post type-post status-publish format-standard has-post-thumbnail hentry category-noticias wpsp-col-4\" itemtype=\"http:\/\/schema.org\/CreativeWork\" itemscope><div class=\"wp-show-posts-inner\" style=\"\">\t\t<div class=\"wp-show-posts-image  wpsp-image-center \">\n\t\t\t<a href=\"https:\/\/latcom.com\/latcom\/latcom-presenta-taste-the-paradise-una-impactante-campana-de-ooh-en-eeuu-y-canada-para-promocionar-el-turismo-en-republica-dominicana\/\"  title=\"LATCOM presenta \u00abTaste The Paradise\u00bb: una impactante campa\u00f1a de OOH en EEUU y Canad\u00e1 para promocionar el turismo en Rep\u00fablica Dominicana\"><img loading=\"lazy\" decoding=\"async\" width=\"1200\" height=\"700\" src=\"https:\/\/latcom.com\/latcom\/wp-content\/uploads\/2025\/06\/latcom-presenta-tastet-the-paradise-d.jpg\" class=\"attachment-full size-full wp-post-image\" alt=\"LATCOM presenta \u00abTaste The Paradise\u00bb: una impactante campa\u00f1a de OOH en EEUU y Canad\u00e1 para promocionar el turismo en Rep\u00fablica Dominicana\" itemprop=\"image\" srcset=\"https:\/\/latcom.com\/latcom\/wp-content\/uploads\/2025\/06\/latcom-presenta-tastet-the-paradise-d.jpg 1200w, https:\/\/latcom.com\/latcom\/wp-content\/uploads\/2025\/06\/latcom-presenta-tastet-the-paradise-d-300x175.jpg 300w, https:\/\/latcom.com\/latcom\/wp-content\/uploads\/2025\/06\/latcom-presenta-tastet-the-paradise-d-1024x597.jpg 1024w, https:\/\/latcom.com\/latcom\/wp-content\/uploads\/2025\/06\/latcom-presenta-tastet-the-paradise-d-768x448.jpg 768w\" sizes=\"(max-width: 1200px) 100vw, 1200px\" title=\"\"><\/a>\t\t<\/div>\n\t\t\t\t\t\t\t\t<header class=\"wp-show-posts-entry-header\">\n\t\t\t\t\t\t\t<h4 class=\"wp-show-posts-entry-title\" itemprop=\"headline\"><a href=\"https:\/\/latcom.com\/latcom\/latcom-presenta-taste-the-paradise-una-impactante-campana-de-ooh-en-eeuu-y-canada-para-promocionar-el-turismo-en-republica-dominicana\/\" rel=\"bookmark\">LATCOM presenta \u00abTaste The Paradise\u00bb: una impactante campa\u00f1a de OOH en EEUU y Canad\u00e1 para promocionar el turismo en Rep\u00fablica Dominicana<\/a><\/h4>\t\t\t\t\t\t<\/header><!-- .entry-header -->\n\t\t\t\t\t<div class=\"wpsp-read-more\"><a title=\"LATCOM presenta \u00abTaste The Paradise\u00bb: una impactante campa\u00f1a de OOH en EEUU y Canad\u00e1 para promocionar el turismo en Rep\u00fablica Dominicana\" class=\"wp-show-posts-read-more\" href=\"https:\/\/latcom.com\/latcom\/latcom-presenta-taste-the-paradise-una-impactante-campana-de-ooh-en-eeuu-y-canada-para-promocionar-el-turismo-en-republica-dominicana\/\">Leer m\u00e1s<\/a><\/div><\/div><!-- wp-show-posts-inner --><\/article><article class=\" wp-show-posts-single post-32304 post type-post status-publish format-standard has-post-thumbnail hentry category-noticias wpsp-col-4\" itemtype=\"http:\/\/schema.org\/CreativeWork\" itemscope><div class=\"wp-show-posts-inner\" style=\"\">\t\t<div class=\"wp-show-posts-image  wpsp-image-center \">\n\t\t\t<a href=\"https:\/\/latcom.com\/latcom\/cerveza-imperial-junto-a-latcom-con-una-original-campana-de-ooh-acompanando-a-los-fans-de-la-seleccion-nacional-de-costa-rica\/\"  title=\"Cerveza Imperial junto a Latcom con una Original Campa\u00f1a de OOH Acompa\u00f1ando a los Fans de la Selecci\u00f3n Nacional de Costa Rica\"><img loading=\"lazy\" decoding=\"async\" width=\"1200\" height=\"700\" src=\"https:\/\/latcom.com\/latcom\/wp-content\/uploads\/2025\/06\/Cerveza-Imperial-junto-a-Latcom-d.jpg\" class=\"attachment-full size-full wp-post-image\" alt=\"Cerveza Imperial junto a Latcom con una Original Campa\u00f1a de OOH Acompa\u00f1ando a los Fans de la Selecci\u00f3n Nacional de Costa Rica\" itemprop=\"image\" srcset=\"https:\/\/latcom.com\/latcom\/wp-content\/uploads\/2025\/06\/Cerveza-Imperial-junto-a-Latcom-d.jpg 1200w, https:\/\/latcom.com\/latcom\/wp-content\/uploads\/2025\/06\/Cerveza-Imperial-junto-a-Latcom-d-300x175.jpg 300w, https:\/\/latcom.com\/latcom\/wp-content\/uploads\/2025\/06\/Cerveza-Imperial-junto-a-Latcom-d-1024x597.jpg 1024w, https:\/\/latcom.com\/latcom\/wp-content\/uploads\/2025\/06\/Cerveza-Imperial-junto-a-Latcom-d-768x448.jpg 768w\" sizes=\"(max-width: 1200px) 100vw, 1200px\" title=\"\"><\/a>\t\t<\/div>\n\t\t\t\t\t\t\t\t<header class=\"wp-show-posts-entry-header\">\n\t\t\t\t\t\t\t<h4 class=\"wp-show-posts-entry-title\" itemprop=\"headline\"><a href=\"https:\/\/latcom.com\/latcom\/cerveza-imperial-junto-a-latcom-con-una-original-campana-de-ooh-acompanando-a-los-fans-de-la-seleccion-nacional-de-costa-rica\/\" rel=\"bookmark\">Cerveza Imperial junto a Latcom con una Original Campa\u00f1a de OOH Acompa\u00f1ando a los Fans de la Selecci\u00f3n Nacional de Costa Rica<\/a><\/h4>\t\t\t\t\t\t<\/header><!-- .entry-header -->\n\t\t\t\t\t<div class=\"wpsp-read-more\"><a title=\"Cerveza Imperial junto a Latcom con una Original Campa\u00f1a de OOH Acompa\u00f1ando a los Fans de la Selecci\u00f3n Nacional de Costa Rica\" class=\"wp-show-posts-read-more\" href=\"https:\/\/latcom.com\/latcom\/cerveza-imperial-junto-a-latcom-con-una-original-campana-de-ooh-acompanando-a-los-fans-de-la-seleccion-nacional-de-costa-rica\/\">Leer m\u00e1s<\/a><\/div><\/div><!-- wp-show-posts-inner --><\/article><div class=\"wpsp-clear\"><\/div><\/section><!-- .wp-show-posts --><div class=\"wpsp-load-more\"><span aria-current=\"page\" class=\"page-numbers current\">1<\/span>\n<a class=\"page-numbers\" href=\"https:\/\/latcom.com\/latcom\/wp-json\/wp\/v2\/pages\/1705\/page\/2\/\">2<\/a>\n<span class=\"page-numbers dots\">&hellip;<\/span>\n<a class=\"page-numbers\" href=\"https:\/\/latcom.com\/latcom\/wp-json\/wp\/v2\/pages\/1705\/page\/8\/\">8<\/a>\n<a class=\"next page-numbers\" href=\"https:\/\/latcom.com\/latcom\/wp-json\/wp\/v2\/pages\/1705\/page\/2\/\">Next &rarr;<\/a><\/div><\/p>\t\t\t\t\t\t\t\t<\/div>\n\t\t\t\t<\/div>\n\t\t\t\t\t<\/div>\n\t\t\t\t<\/div>\n\t\t\t\t<\/div>\n\t\t","protected":false},"excerpt":{"rendered":"<p>Todos los comunicados de prensa y las \u00faltimas novedades de Latcom<\/p>\n","protected":false},"author":1,"featured_media":0,"parent":0,"menu_order":0,"comment_status":"closed","ping_status":"closed","template":"elementor_canvas","meta":{"_acf_changed":false,"inline_featured_image":false,"footnotes":""},"class_list":["post-1705","page","type-page","status-publish","hentry"],"acf":[],"lang":"es","translations":{"es":1705,"en":1725,"pt":1730},"pll_sync_post":[],"_links":{"self":[{"href":"https:\/\/latcom.com\/latcom\/wp-json\/wp\/v2\/pages\/1705","targetHints":{"allow":["GET"]}}],"collection":[{"href":"https:\/\/latcom.com\/latcom\/wp-json\/wp\/v2\/pages"}],"about":[{"href":"https:\/\/latcom.com\/latcom\/wp-json\/wp\/v2\/types\/page"}],"author":[{"embeddable":true,"href":"https:\/\/latcom.com\/latcom\/wp-json\/wp\/v2\/users\/1"}],"replies":[{"embeddable":true,"href":"https:\/\/latcom.com\/latcom\/wp-json\/wp\/v2\/comments?post=1705"}],"version-history":[{"count":145,"href":"https:\/\/latcom.com\/latcom\/wp-json\/wp\/v2\/pages\/1705\/revisions"}],"predecessor-version":[{"id":33255,"href":"https:\/\/latcom.com\/latcom\/wp-json\/wp\/v2\/pages\/1705\/revisions\/33255"}],"wp:attachment":[{"href":"https:\/\/latcom.com\/latcom\/wp-json\/wp\/v2\/media?parent=1705"}],"curies":[{"name":"wp","href":"https:\/\/api.w.org\/{rel}","templated":true}]}}