{"id":1611,"date":"2022-12-21T12:30:25","date_gmt":"2022-12-21T15:30:25","guid":{"rendered":"http:\/\/18.228.156.244\/latcom\/?page_id=1611"},"modified":"2025-02-11T12:28:30","modified_gmt":"2025-02-11T15:28:30","slug":"out-of-home","status":"publish","type":"page","link":"https:\/\/latcom.com\/latcom\/out-of-home\/","title":{"rendered":"Out of home"},"content":{"rendered":"<style>.elementor-1611 .elementor-element.elementor-element-daed8e3{--display:flex;--flex-direction:row;--container-widget-width:calc( ( 1 - var( --container-widget-flex-grow ) ) * 100% );--container-widget-height:100%;--container-widget-flex-grow:1;--container-widget-align-self:stretch;--flex-wrap-mobile:wrap;--align-items:center;--gap:0px 0px;--row-gap:0px;--column-gap:0px;}.elementor-1611 .elementor-element.elementor-element-daed8e3:not(.elementor-motion-effects-element-type-background), .elementor-1611 .elementor-element.elementor-element-daed8e3 > .elementor-motion-effects-container > .elementor-motion-effects-layer{background-color:#00294F;}.elementor-1611 .elementor-element.elementor-element-2109b51{--display:flex;--justify-content:center;}.elementor-widget-text-editor{font-weight:var( --e-global-typography-text-font-weight );color:var( --e-global-color-text );}.elementor-widget-text-editor.elementor-drop-cap-view-stacked .elementor-drop-cap{background-color:var( --e-global-color-primary );}.elementor-widget-text-editor.elementor-drop-cap-view-framed .elementor-drop-cap, .elementor-widget-text-editor.elementor-drop-cap-view-default .elementor-drop-cap{color:var( --e-global-color-primary );border-color:var( --e-global-color-primary );}.elementor-1611 .elementor-element.elementor-element-a796f0b{text-align:center;color:#FFFFFF;}.elementor-1611 .elementor-element.elementor-element-a796f0b.elementor-element{--flex-grow:0;--flex-shrink:0;}.elementor-1611 .elementor-element.elementor-element-3dd4237{--display:flex;--justify-content:center;}.elementor-1611 .elementor-element.elementor-element-3f76314{text-align:center;font-weight:400;color:#FFFFFF;}.elementor-1611 .elementor-element.elementor-element-93dce77{--display:flex;--flex-direction:column;--container-widget-width:calc( ( 1 - var( --container-widget-flex-grow ) ) * 100% );--container-widget-height:initial;--container-widget-flex-grow:0;--container-widget-align-self:initial;--flex-wrap-mobile:wrap;--align-items:stretch;--gap:0px 0px;--row-gap:0px;--column-gap:0px;--margin-top:0px;--margin-bottom:0px;--margin-left:0px;--margin-right:0px;--padding-top:0px;--padding-bottom:0px;--padding-left:0px;--padding-right:0px;}.elementor-1611 .elementor-element.elementor-element-53fd59a{--display:flex;--margin-top:0px;--margin-bottom:0px;--margin-left:0px;--margin-right:0px;--padding-top:0px;--padding-bottom:0px;--padding-left:0px;--padding-right:0px;}.elementor-1611 .elementor-element.elementor-element-e6abff3{--display:flex;--flex-direction:column;--container-widget-width:100%;--container-widget-height:initial;--container-widget-flex-grow:0;--container-widget-align-self:initial;--flex-wrap-mobile:wrap;}@media(max-width:767px){.elementor-1611 .elementor-element.elementor-element-daed8e3{--padding-top:0px;--padding-bottom:0px;--padding-left:0px;--padding-right:0px;}.elementor-1611 .elementor-element.elementor-element-2109b51{--width:40%;--flex-direction:row;--container-widget-width:initial;--container-widget-height:100%;--container-widget-flex-grow:1;--container-widget-align-self:stretch;--flex-wrap-mobile:wrap;--justify-content:center;--padding-top:0px;--padding-bottom:0px;--padding-left:0px;--padding-right:0px;}.elementor-1611 .elementor-element.elementor-element-a796f0b{column-gap:0px;}.elementor-1611 .elementor-element.elementor-element-3dd4237{--width:60%;--padding-top:0px;--padding-bottom:0px;--padding-left:0px;--padding-right:0px;}.elementor-1611 .elementor-element.elementor-element-93dce77{--margin-top:0px;--margin-bottom:0px;--margin-left:0px;--margin-right:0px;}}@media(min-width:768px){.elementor-1611 .elementor-element.elementor-element-2109b51{--width:15%;}.elementor-1611 .elementor-element.elementor-element-3dd4237{--width:85%;}}@media(max-width:1024px) and (min-width:768px){.elementor-1611 .elementor-element.elementor-element-2109b51{--width:20%;}.elementor-1611 .elementor-element.elementor-element-3dd4237{--width:80%;}}<\/style>\t\t<div data-elementor-type=\"wp-page\" data-elementor-id=\"1611\" class=\"elementor elementor-1611\">\n\t\t\t\t<div class=\"elementor-element elementor-element-daed8e3 e-con-full e-flex e-con e-parent\" data-id=\"daed8e3\" data-element_type=\"container\" data-e-type=\"container\" data-settings=\"{&quot;background_background&quot;:&quot;classic&quot;}\">\n\t\t<div class=\"elementor-element elementor-element-2109b51 e-con-full e-flex e-con e-child\" data-id=\"2109b51\" data-element_type=\"container\" data-e-type=\"container\">\n\t\t\t\t<div class=\"elementor-element elementor-element-a796f0b elementor-widget elementor-widget-text-editor\" data-id=\"a796f0b\" data-element_type=\"widget\" data-e-type=\"widget\" data-widget_type=\"text-editor.default\">\n\t\t\t\t<div class=\"elementor-widget-container\">\n\t\t\t\t\t\t\t\t\t<p><div class=\"volver-atras\">\r\n    <div>\r\n        <a class=\"elementor-button elementor-button-link elementor-size-sm elementor-animation-pop\" href=\"#\" style=\"\r\n                        background-color: #E06330;\r\n                        border-style: solid;\r\n                        border-width: 1px 1px 1px 1px;\r\n                        border-color: #FFFFFF;\r\n                        border-radius: 50px 50px 50px 50px;\r\n                        \">\r\n        \t<span class=\"elementor-button-content-wrapper\">\r\n        \t    <span class=\"elementor-button-text\"><< Volver<\/span>\r\n        \t<\/span>\r\n        <\/a>\r\n    <\/div>\r\n<\/div><\/p>\t\t\t\t\t\t\t\t<\/div>\n\t\t\t\t<\/div>\n\t\t\t\t<\/div>\n\t\t<div class=\"elementor-element elementor-element-3dd4237 e-con-full e-flex e-con e-child\" data-id=\"3dd4237\" data-element_type=\"container\" data-e-type=\"container\">\n\t\t\t\t<div class=\"elementor-element elementor-element-3f76314 elementor-widget elementor-widget-text-editor\" data-id=\"3f76314\" data-element_type=\"widget\" data-e-type=\"widget\" data-widget_type=\"text-editor.default\">\n\t\t\t\t<div class=\"elementor-widget-container\">\n\t\t\t\t\t\t\t\t\t<p><h2 class=\"subheader-title\" title=\"Out of home\" data-rank-math-title=\"Out of home\">Out of home<\/h2><\/p>\t\t\t\t\t\t\t\t<\/div>\n\t\t\t\t<\/div>\n\t\t\t\t<\/div>\n\t\t\t\t<\/div>\n\t\t<div class=\"elementor-element elementor-element-93dce77 e-con-full e-flex e-con e-parent\" data-id=\"93dce77\" data-element_type=\"container\" data-e-type=\"container\">\n\t\t<div class=\"elementor-element elementor-element-53fd59a e-con-full e-flex e-con e-child\" data-id=\"53fd59a\" data-element_type=\"container\" data-e-type=\"container\">\n\t\t\t\t<div class=\"elementor-element elementor-element-ab8e80d elementor-widget elementor-widget-html\" data-id=\"ab8e80d\" data-element_type=\"widget\" data-e-type=\"widget\" data-widget_type=\"html.default\">\n\t\t\t\t<div class=\"elementor-widget-container\">\n\t\t\t\t\t<div class=\"ng-accordion--h\">\n    <a href=\"https:\/\/latcom.com\/latcom\/outdoor\" class=\"ng-accordion-item\" aria-label=\"Out Of Home\">\n        <div class=\"ng-nav-item\">\n            <div class=\"icons_negocios i_outdoor\"><\/div>\n            <h5>Outdoor<\/h5>\n        <\/div>\n    <\/a>\n    <a href=\"https:\/\/latcom.com\/latcom\/indoor\" class=\"ng-accordion-item\" aria-label=\"Out Of Home\">\n        <div class=\"ng-nav-item\">\n            <div class=\"icons_negocios i_indoor\"><\/div>\n            <h5>Indoor<\/h5>\n        <\/div>\n    <\/a>\n    <a href=\"https:\/\/latcom.com\/latcom\/digital\" class=\"ng-accordion-item\" aria-label=\"Out Of Home\">\n        <div class=\"ng-nav-item\">\n            <div class=\"icons_negocios i_digital\"><\/div>\n            <h5>Digital<\/h5>\n        <\/div>\n    <\/a>\n    <a href=\"https:\/\/latcom.com\/latcom\/medios-de-transporte\" class=\"ng-accordion-item\" aria-label=\"Out Of Home\">\n        <div class=\"ng-nav-item\">\n            <div class=\"icons_negocios i_medios-de-transporte\"><\/div>\n            <h5>Medios de Transporte<\/h5>\n        <\/div>\n    <\/a>\n    <a href=\"https:\/\/latcom.com\/latcom\/mobile-ooh\" class=\"ng-accordion-item\" aria-label=\"Out Of Home\">\n        <div class=\"ng-nav-item\">\n            <div class=\"icons_negocios i_mobile\"><\/div>\n            <h5>Mobile OOH<\/h5>\n        <\/div>\n    <\/a>\n    <a href=\"https:\/\/latcom.com\/latcom\/cine\" class=\"ng-accordion-item\" aria-label=\"Out Of Home\">\n        <div class=\"ng-nav-item\">\n            <div class=\"icons_negocios i_cine\"><img decoding=\"async\" src=\"https:\/\/latcom.com\/latcom\/wp-content\/uploads\/2024\/07\/pixelalt.png\" alt=\"Out Of Home\" title=\"\"><\/div>\n            <h5>Cine<\/h5>\n        <\/div>\n    <\/a>\n<\/div>\t\t\t\t<\/div>\n\t\t\t\t<\/div>\n\t\t\t\t<\/div>\n\t\t\t\t<\/div>\n\t\t<div class=\"elementor-element elementor-element-e6abff3 ocultar_full e-flex e-con-boxed e-con e-parent\" data-id=\"e6abff3\" data-element_type=\"container\" data-e-type=\"container\">\n\t\t\t\t\t<div class=\"e-con-inner\">\n\t\t\t\t<div class=\"elementor-element elementor-element-d982eff elementor-widget elementor-widget-text-editor\" data-id=\"d982eff\" data-element_type=\"widget\" data-e-type=\"widget\" data-widget_type=\"text-editor.default\">\n\t\t\t\t<div class=\"elementor-widget-container\">\n\t\t\t\t\t\t\t\t\tLa publicidad exterior no s\u00f3lo desempe\u00f1a un papel fundamental a la hora de generar notoriedad, recuerdo, compromiso y atenci\u00f3n, sino que tambi\u00e9n es muy eficaz para impulsar m\u00e9tricas clave e iniciar diversos tipos de llamadas a la acci\u00f3n de los consumidores.\nEl papel de la publicidad exterior sigue evolucionando; ya no es solo un medio para crear marca, sino que ahora puede fomentar la consideraci\u00f3n y la acci\u00f3n de las personas, convirti\u00e9ndose en un canal capaz de lograr m\u00faltiples objetivos dentro de una \u00fanica estrategia de marketing.\n\t\t\t\t\t\t\t\t<\/div>\n\t\t\t\t<\/div>\n\t\t\t\t\t<\/div>\n\t\t\t\t<\/div>\n\t\t\t\t<\/div>\n\t\t","protected":false},"excerpt":{"rendered":"<p>Outdoor Indoor Digital Medios de Transporte Mobile OOH Cine La publicidad exterior no s\u00f3lo desempe\u00f1a un papel fundamental a la hora de generar notoriedad, recuerdo, compromiso y atenci\u00f3n, sino que tambi\u00e9n es muy eficaz para impulsar m\u00e9tricas clave e iniciar diversos tipos de llamadas a la acci\u00f3n de los consumidores. El papel de la publicidad &#8230; <a title=\"Out of home\" class=\"read-more\" href=\"https:\/\/latcom.com\/latcom\/out-of-home\/\" aria-label=\"Leer m\u00e1s sobre Out of home\">Leer m\u00e1s<\/a><\/p>\n","protected":false},"author":1,"featured_media":0,"parent":0,"menu_order":0,"comment_status":"closed","ping_status":"closed","template":"elementor_canvas","meta":{"_acf_changed":false,"inline_featured_image":false,"footnotes":""},"class_list":["post-1611","page","type-page","status-publish"],"acf":[],"lang":"es","translations":{"es":1611,"en":14456,"pt":14458},"pll_sync_post":[],"_links":{"self":[{"href":"https:\/\/latcom.com\/latcom\/wp-json\/wp\/v2\/pages\/1611","targetHints":{"allow":["GET"]}}],"collection":[{"href":"https:\/\/latcom.com\/latcom\/wp-json\/wp\/v2\/pages"}],"about":[{"href":"https:\/\/latcom.com\/latcom\/wp-json\/wp\/v2\/types\/page"}],"author":[{"embeddable":true,"href":"https:\/\/latcom.com\/latcom\/wp-json\/wp\/v2\/users\/1"}],"replies":[{"embeddable":true,"href":"https:\/\/latcom.com\/latcom\/wp-json\/wp\/v2\/comments?post=1611"}],"version-history":[{"count":155,"href":"https:\/\/latcom.com\/latcom\/wp-json\/wp\/v2\/pages\/1611\/revisions"}],"predecessor-version":[{"id":30999,"href":"https:\/\/latcom.com\/latcom\/wp-json\/wp\/v2\/pages\/1611\/revisions\/30999"}],"wp:attachment":[{"href":"https:\/\/latcom.com\/latcom\/wp-json\/wp\/v2\/media?parent=1611"}],"curies":[{"name":"wp","href":"https:\/\/api.w.org\/{rel}","templated":true}]}}