{"id":14478,"date":"2023-08-07T10:34:49","date_gmt":"2023-08-07T13:34:49","guid":{"rendered":"http:\/\/18.228.156.244\/latcom\/?page_id=14478"},"modified":"2024-07-29T11:13:24","modified_gmt":"2024-07-29T14:13:24","slug":"mobile-ooh","status":"publish","type":"page","link":"https:\/\/latcom.com\/latcom\/en\/out-of-home\/mobile-ooh\/","title":{"rendered":"Mobile OOH"},"content":{"rendered":"<style>.elementor-14478 .elementor-element.elementor-element-b537ea8{--display:flex;--flex-direction:row;--container-widget-width:calc( ( 1 - var( --container-widget-flex-grow ) ) * 100% );--container-widget-height:100%;--container-widget-flex-grow:1;--container-widget-align-self:stretch;--flex-wrap-mobile:wrap;--align-items:stretch;--gap:0px 0px;--row-gap:0px;--column-gap:0px;--margin-top:0px;--margin-bottom:0px;--margin-left:0px;--margin-right:0px;--padding-top:10px;--padding-bottom:10px;--padding-left:0px;--padding-right:0px;}.elementor-14478 .elementor-element.elementor-element-b537ea8:not(.elementor-motion-effects-element-type-background), .elementor-14478 .elementor-element.elementor-element-b537ea8 > .elementor-motion-effects-container > .elementor-motion-effects-layer{background-color:#00294F;}.elementor-14478 .elementor-element.elementor-element-09a9715{--display:flex;--justify-content:center;--align-items:center;--container-widget-width:calc( ( 1 - var( --container-widget-flex-grow ) ) * 100% );--margin-top:0px;--margin-bottom:0px;--margin-left:0px;--margin-right:0px;--padding-top:0px;--padding-bottom:0px;--padding-left:0px;--padding-right:0px;}.elementor-14478 .elementor-element.elementor-element-09a9715.e-con{--flex-grow:0;--flex-shrink:0;}.elementor-widget-button .elementor-button{font-weight:var( --e-global-typography-accent-font-weight );background-color:var( --e-global-color-accent );}.elementor-14478 .elementor-element.elementor-element-f2c89e9 .elementor-button{background-color:#E06330;border-style:solid;border-width:1px 1px 1px 1px;border-color:#FFFFFF;border-radius:50px 50px 50px 50px;}.elementor-14478 .elementor-element.elementor-element-f2c89e9 .elementor-button:hover, .elementor-14478 .elementor-element.elementor-element-f2c89e9 .elementor-button:focus{color:#E06330;background-color:#FFFFFF;}.elementor-14478 .elementor-element.elementor-element-f2c89e9 .elementor-button:hover svg, .elementor-14478 .elementor-element.elementor-element-f2c89e9 .elementor-button:focus svg{fill:#E06330;}.elementor-14478 .elementor-element.elementor-element-f2c89e9.elementor-element{--align-self:center;}.elementor-14478 .elementor-element.elementor-element-1bba1fc{--display:flex;--justify-content:center;--align-items:center;--container-widget-width:calc( ( 1 - var( --container-widget-flex-grow ) ) * 100% );--margin-top:0px;--margin-bottom:0px;--margin-left:0px;--margin-right:0px;--padding-top:5px;--padding-bottom:10px;--padding-left:0px;--padding-right:0px;}.elementor-14478 .elementor-element.elementor-element-1bba1fc.e-con{--align-self:center;}.elementor-widget-heading .elementor-heading-title{font-weight:var( --e-global-typography-primary-font-weight );color:var( --e-global-color-primary );}.elementor-14478 .elementor-element.elementor-element-f5a9583{text-align:center;}.elementor-14478 .elementor-element.elementor-element-f5a9583 .elementor-heading-title{font-family:\"Sofia Pro\", Sans-serif;font-size:40px;font-weight:500;color:#FFFFFF;}.elementor-14478 .elementor-element.elementor-element-f5a9583 > .elementor-widget-container{margin:0px 0px 0px 0px;padding:0px 0px 0px 0px;}.elementor-14478 .elementor-element.elementor-element-bdce88a{--display:flex;--justify-content:center;--margin-top:0px;--margin-bottom:0px;--margin-left:0px;--margin-right:0px;--padding-top:0px;--padding-bottom:0px;--padding-left:0px;--padding-right:0px;}.elementor-14478 .elementor-element.elementor-element-bdce88a.e-con{--flex-grow:0;--flex-shrink:0;}.elementor-14478 .elementor-element.elementor-element-8f2168b{--display:flex;--align-items:stretch;--container-widget-width:calc( ( 1 - var( --container-widget-flex-grow ) ) * 100% );--gap:0px 0px;--row-gap:0px;--column-gap:0px;--margin-top:0px;--margin-bottom:0px;--margin-left:0px;--margin-right:0px;--padding-top:0px;--padding-bottom:0px;--padding-left:0px;--padding-right:0px;}.elementor-14478 .elementor-element.elementor-element-152ba06{--display:flex;--margin-top:0px;--margin-bottom:0px;--margin-left:0px;--margin-right:0px;--padding-top:0px;--padding-bottom:0px;--padding-left:0px;--padding-right:0px;}.elementor-14478 .elementor-element.elementor-element-2827636{--display:flex;--margin-top:0px;--margin-bottom:0px;--margin-left:0px;--margin-right:0px;--padding-top:0px;--padding-bottom:0px;--padding-left:0px;--padding-right:0px;}.elementor-14478 .elementor-element.elementor-element-d5cd5dd{--display:flex;--flex-direction:row;--container-widget-width:calc( ( 1 - var( --container-widget-flex-grow ) ) * 100% );--container-widget-height:100%;--container-widget-flex-grow:1;--container-widget-align-self:stretch;--flex-wrap-mobile:wrap;--align-items:stretch;--gap:10px 10px;--row-gap:10px;--column-gap:10px;--margin-top:0px;--margin-bottom:0px;--margin-left:0px;--margin-right:0px;--padding-top:0px;--padding-bottom:0px;--padding-left:0px;--padding-right:0px;}.elementor-14478 .elementor-element.elementor-element-d5cd5dd:not(.elementor-motion-effects-element-type-background), .elementor-14478 .elementor-element.elementor-element-d5cd5dd > .elementor-motion-effects-container > .elementor-motion-effects-layer{background-color:#FFFFFF;}.elementor-14478 .elementor-element.elementor-element-dacfd04{--display:flex;--justify-content:flex-start;--padding-top:30px;--padding-bottom:30px;--padding-left:30px;--padding-right:30px;}.elementor-14478 .elementor-element.elementor-element-2dd866e{--display:flex;}.elementor-14478 .elementor-element.elementor-element-1ea3f62{--display:flex;--flex-direction:row;--container-widget-width:initial;--container-widget-height:100%;--container-widget-flex-grow:1;--container-widget-align-self:stretch;--flex-wrap-mobile:wrap;--gap:0px 0px;--row-gap:0px;--column-gap:0px;--margin-top:0px;--margin-bottom:0px;--margin-left:0px;--margin-right:0px;--padding-top:0px;--padding-bottom:0px;--padding-left:0px;--padding-right:0px;}.elementor-14478 .elementor-element.elementor-element-616df8a{--display:flex;--justify-content:center;--padding-top:2px;--padding-bottom:2px;--padding-left:2px;--padding-right:2px;}.elementor-14478 .elementor-element.elementor-element-616df8a.e-con{--flex-grow:0;--flex-shrink:0;}.elementor-widget-image .widget-image-caption{color:var( --e-global-color-text );font-weight:var( --e-global-typography-text-font-weight );}.elementor-14478 .elementor-element.elementor-element-bd51938 img{filter:brightness( 0% ) contrast( 0% ) saturate( 103% ) blur( 0px ) hue-rotate( 0deg );}.elementor-14478 .elementor-element.elementor-element-bd51938{width:initial;max-width:initial;}.elementor-14478 .elementor-element.elementor-element-bd51938.elementor-element{--flex-grow:0;--flex-shrink:0;}.elementor-14478 .elementor-element.elementor-element-f6ab205{--display:flex;--justify-content:center;}.elementor-14478 .elementor-element.elementor-element-861e719 .elementor-heading-title{font-family:\"Prompt\", Sans-serif;font-weight:800;color:#0C125F;}.elementor-14478 .elementor-element.elementor-element-861e719 > .elementor-widget-container{margin:0px 0px 0px 0px;padding:0px 0px 0px 20px;}.elementor-widget-text-editor{font-weight:var( --e-global-typography-text-font-weight );color:var( --e-global-color-text );}.elementor-widget-text-editor.elementor-drop-cap-view-stacked .elementor-drop-cap{background-color:var( --e-global-color-primary );}.elementor-widget-text-editor.elementor-drop-cap-view-framed .elementor-drop-cap, .elementor-widget-text-editor.elementor-drop-cap-view-default .elementor-drop-cap{color:var( --e-global-color-primary );border-color:var( --e-global-color-primary );}.elementor-14478 .elementor-element.elementor-element-4311eb8{font-family:\"Sofia Pro\", Sans-serif;font-weight:400;color:#0C125F;}.elementor-14478 .elementor-element.elementor-element-fd0af13 .jeg-elementor-kit.jkit-off-canvas .bg-overlay{background-color:#0000008F;}.elementor-14478 .elementor-element.elementor-element-fd0af13 .jeg-elementor-kit.jkit-off-canvas .toggle-wrapper{text-align:left;}.elementor-14478 .elementor-element.elementor-element-fd0af13 .jeg-elementor-kit.jkit-off-canvas .offcanvas-close-button{font-size:20px;margin:25px 25px 25px 25px;}.elementor-14478 .elementor-element.elementor-element-fd0af13 .jeg-elementor-kit.jkit-off-canvas .offcanvas-close-button svg{width:20px;}.elementor-14478 .elementor-element.elementor-element-fd0af13 .jeg-elementor-kit.jkit-off-canvas .widget-heading{text-align:right;}.elementor-14478 .elementor-element.elementor-element-fd0af13 .jeg-elementor-kit.jkit-off-canvas .offcanvas-sidebar.position-left .sidebar-widget, .elementor-14478 .elementor-element.elementor-element-fd0af13 .jeg-elementor-kit.jkit-off-canvas .offcanvas-sidebar.position-right .sidebar-widget{width:36%;}.elementor-14478 .elementor-element.elementor-element-9bacc8e{--display:flex;--justify-content:center;--padding-top:0px;--padding-bottom:0px;--padding-left:0px;--padding-right:0px;}body:not(.rtl) .elementor-14478 .elementor-element.elementor-element-1a07f2e{left:0px;}body.rtl .elementor-14478 .elementor-element.elementor-element-1a07f2e{right:0px;}.elementor-14478 .elementor-element.elementor-element-1a07f2e{top:0px;}.elementor-14478 .elementor-element.elementor-element-65cf2fe .elementor-wrapper{--video-aspect-ratio:1.77777;}@media(max-width:1024px){.elementor-14478 .elementor-element.elementor-element-f5a9583 .elementor-heading-title{font-size:42px;}}@media(max-width:767px){.elementor-14478 .elementor-element.elementor-element-b537ea8{--padding-top:10px;--padding-bottom:10px;--padding-left:0px;--padding-right:0px;}.elementor-14478 .elementor-element.elementor-element-09a9715{--width:100%;--margin-top:0px;--margin-bottom:0px;--margin-left:0px;--margin-right:0px;--padding-top:0px;--padding-bottom:0px;--padding-left:0px;--padding-right:0px;}.elementor-14478 .elementor-element.elementor-element-f2c89e9.elementor-element{--align-self:center;}.elementor-14478 .elementor-element.elementor-element-1bba1fc{--width:100%;--align-items:center;--container-widget-width:calc( ( 1 - var( --container-widget-flex-grow ) ) * 100% );}.elementor-14478 .elementor-element.elementor-element-f5a9583 .elementor-heading-title{font-size:24px;}.elementor-14478 .elementor-element.elementor-element-bdce88a{--width:100%;--margin-top:0px;--margin-bottom:0px;--margin-left:0px;--margin-right:0px;--padding-top:0px;--padding-bottom:0px;--padding-left:0px;--padding-right:0px;}}@media(min-width:768px){.elementor-14478 .elementor-element.elementor-element-09a9715{--width:15%;}.elementor-14478 .elementor-element.elementor-element-bdce88a{--width:15%;}.elementor-14478 .elementor-element.elementor-element-dacfd04{--width:34.979%;}.elementor-14478 .elementor-element.elementor-element-616df8a{--width:21.02%;}.elementor-14478 .elementor-element.elementor-element-9bacc8e{--width:65.021%;}}<\/style>\t\t<div data-elementor-type=\"wp-page\" data-elementor-id=\"14478\" class=\"elementor elementor-14478\">\n\t\t\t\t<div class=\"elementor-element elementor-element-b537ea8 e-con-full e-flex e-con e-parent\" data-id=\"b537ea8\" data-element_type=\"container\" data-e-type=\"container\" data-settings=\"{&quot;background_background&quot;:&quot;classic&quot;}\">\n\t\t<div class=\"elementor-element elementor-element-09a9715 e-con-full e-flex e-con e-child\" data-id=\"09a9715\" data-element_type=\"container\" data-e-type=\"container\">\n\t\t\t\t<div class=\"elementor-element elementor-element-f2c89e9 elementor-align-center volver-atras elementor-widget elementor-widget-button\" data-id=\"f2c89e9\" data-element_type=\"widget\" data-e-type=\"widget\" data-widget_type=\"button.default\">\n\t\t\t\t<div class=\"elementor-widget-container\">\n\t\t\t\t\t\t\t\t\t<div class=\"elementor-button-wrapper\">\n\t\t\t\t\t<a class=\"elementor-button elementor-button-link elementor-size-sm elementor-animation-pop\" href=\"#\">\n\t\t\t\t\t\t<span class=\"elementor-button-content-wrapper\">\n\t\t\t\t\t\t\t\t\t<span class=\"elementor-button-text\">&lt;&lt; Go Back<\/span>\n\t\t\t\t\t<\/span>\n\t\t\t\t\t<\/a>\n\t\t\t\t<\/div>\n\t\t\t\t\t\t\t\t<\/div>\n\t\t\t\t<\/div>\n\t\t\t\t<\/div>\n\t\t<div class=\"elementor-element elementor-element-1bba1fc e-con-full e-flex e-con e-child\" data-id=\"1bba1fc\" data-element_type=\"container\" data-e-type=\"container\">\n\t\t\t\t<div class=\"elementor-element elementor-element-f5a9583 elementor-widget elementor-widget-heading\" data-id=\"f5a9583\" data-element_type=\"widget\" data-e-type=\"widget\" data-widget_type=\"heading.default\">\n\t\t\t\t<div class=\"elementor-widget-container\">\n\t\t\t\t\t<h2 class=\"elementor-heading-title elementor-size-default\">Out Of Home<\/h2>\t\t\t\t<\/div>\n\t\t\t\t<\/div>\n\t\t\t\t<\/div>\n\t\t<div class=\"elementor-element elementor-element-bdce88a e-con-full e-flex e-con e-child\" data-id=\"bdce88a\" data-element_type=\"container\" data-e-type=\"container\">\n\t\t\t\t<\/div>\n\t\t\t\t<\/div>\n\t\t<div class=\"elementor-element elementor-element-8f2168b e-con-full e-flex e-con e-parent\" data-id=\"8f2168b\" data-element_type=\"container\" data-e-type=\"container\" data-settings=\"{&quot;background_background&quot;:&quot;classic&quot;}\">\n\t\t<div class=\"elementor-element elementor-element-152ba06 e-con-full section e-flex e-con e-child\" data-id=\"152ba06\" data-element_type=\"container\" data-e-type=\"container\">\n\t\t<div class=\"elementor-element elementor-element-2827636 e-con-full e-flex e-con e-child\" data-id=\"2827636\" data-element_type=\"container\" data-e-type=\"container\">\n\t\t<div class=\"elementor-element elementor-element-d5cd5dd e-con-full e-flex e-con e-child\" data-id=\"d5cd5dd\" data-element_type=\"container\" data-e-type=\"container\" data-settings=\"{&quot;background_background&quot;:&quot;classic&quot;}\">\n\t\t<div class=\"elementor-element elementor-element-dacfd04 e-con-full e-flex e-con e-child\" data-id=\"dacfd04\" data-element_type=\"container\" data-e-type=\"container\">\n\t\t<div class=\"elementor-element elementor-element-2dd866e e-flex e-con-boxed e-con e-child\" data-id=\"2dd866e\" data-element_type=\"container\" data-e-type=\"container\">\n\t\t\t\t\t<div class=\"e-con-inner\">\n\t\t<div class=\"elementor-element elementor-element-1ea3f62 e-flex e-con-boxed e-con e-child\" data-id=\"1ea3f62\" data-element_type=\"container\" data-e-type=\"container\">\n\t\t\t\t\t<div class=\"e-con-inner\">\n\t\t<div class=\"elementor-element elementor-element-616df8a e-con-full e-flex e-con e-child\" data-id=\"616df8a\" data-element_type=\"container\" data-e-type=\"container\">\n\t\t\t\t<div class=\"elementor-element elementor-element-bd51938 elementor-widget__width-initial elementor-widget elementor-widget-image\" data-id=\"bd51938\" data-element_type=\"widget\" data-e-type=\"widget\" data-widget_type=\"image.default\">\n\t\t\t\t<div class=\"elementor-widget-container\">\n\t\t\t\t\t\t\t\t\t\t\t\t\t\t\t<img decoding=\"async\" width=\"150\" height=\"150\" src=\"https:\/\/latcom.com\/latcom\/wp-content\/uploads\/2023\/09\/mobile.svg\" class=\"attachment-thumbnail size-thumbnail wp-image-15754\" alt=\"\" title=\"\">\t\t\t\t\t\t\t\t\t\t\t\t\t\t\t<\/div>\n\t\t\t\t<\/div>\n\t\t\t\t<\/div>\n\t\t<div class=\"elementor-element elementor-element-f6ab205 e-flex e-con-boxed e-con e-child\" data-id=\"f6ab205\" data-element_type=\"container\" data-e-type=\"container\">\n\t\t\t\t\t<div class=\"e-con-inner\">\n\t\t\t\t<div class=\"elementor-element elementor-element-861e719 elementor-widget elementor-widget-heading\" data-id=\"861e719\" data-element_type=\"widget\" data-e-type=\"widget\" data-widget_type=\"heading.default\">\n\t\t\t\t<div class=\"elementor-widget-container\">\n\t\t\t\t\t<h2 class=\"elementor-heading-title elementor-size-default\">Mobile OOH<\/h2>\t\t\t\t<\/div>\n\t\t\t\t<\/div>\n\t\t\t\t\t<\/div>\n\t\t\t\t<\/div>\n\t\t\t\t\t<\/div>\n\t\t\t\t<\/div>\n\t\t\t\t\t<\/div>\n\t\t\t\t<\/div>\n\t\t\t\t<div class=\"elementor-element elementor-element-4311eb8 elementor-widget elementor-widget-text-editor\" data-id=\"4311eb8\" data-element_type=\"widget\" data-e-type=\"widget\" data-widget_type=\"text-editor.default\">\n\t\t\t\t<div class=\"elementor-widget-container\">\n\t\t\t\t\t\t\t\t\t<p>The MOOH is the category that allows us to segment a geographical area (OOH support or point of interest) and a specific audience. Through geolocation and dynamic content, it manages to interact with the target audience by responding to their behavior and interests, generating engagement and interaction.<\/p><p><strong>Attributes:<\/strong> segmentation + call to action.<\/p>\t\t\t\t\t\t\t\t<\/div>\n\t\t\t\t<\/div>\n\t\t\t\t<div class=\"elementor-element elementor-element-fd0af13 elementor-widget elementor-widget-jkit_off_canvas\" data-id=\"fd0af13\" data-element_type=\"widget\" data-e-type=\"widget\" data-settings=\"{&quot;sg_setting_overflow_hidden&quot;:0}\" data-widget_type=\"jkit_off_canvas.default\">\n\t\t\t\t<div class=\"elementor-widget-container\">\n\t\t\t\t\t<div  class=\"jeg-elementor-kit jkit-off-canvas jeg_module___69e5d5b3b5e63\" ><div class=\"toggle-wrapper\"><a href=\"#\" class=\"offcanvas-sidebar-button\" aria-label=\"Off Canvas Button\">Ver m\u00e1s ...<\/a><\/div>\n\t\t<div class=\"offcanvas-sidebar position-left\">\n\t\t\t<div class=\"bg-overlay\"><\/div>\n\t\t\t<div class=\"sidebar-widget\">\n\t\t\t\t<div class=\"widget-container\">\n\t\t\t\t\t<div class=\"widget-heading\"><a href=\"#\" class=\"offcanvas-close-button\" aria-label=\"Off Canvas Button\"><i aria-hidden=\"true\" class=\"far fa-times-circle\"><\/i><\/a><\/div>\n\t\t\t\t\t<div class=\"widget-content\"><style>.elementor-17420 .elementor-element.elementor-element-7a7b232b{--display:flex;--flex-direction:column;--container-widget-width:100%;--container-widget-height:initial;--container-widget-flex-grow:0;--container-widget-align-self:initial;--flex-wrap-mobile:wrap;}.elementor-widget-text-editor{font-weight:var( --e-global-typography-text-font-weight );color:var( --e-global-color-text );}.elementor-widget-text-editor.elementor-drop-cap-view-stacked .elementor-drop-cap{background-color:var( --e-global-color-primary );}.elementor-widget-text-editor.elementor-drop-cap-view-framed .elementor-drop-cap, .elementor-widget-text-editor.elementor-drop-cap-view-default .elementor-drop-cap{color:var( --e-global-color-primary );border-color:var( --e-global-color-primary );}<\/style>\t\t<div data-elementor-type=\"page\" data-elementor-id=\"17420\" class=\"elementor elementor-17420\">\n\t\t\t\t<div class=\"elementor-element elementor-element-7a7b232b e-flex e-con-boxed e-con e-parent\" data-id=\"7a7b232b\" data-element_type=\"container\" data-e-type=\"container\">\n\t\t\t\t\t<div class=\"e-con-inner\">\n\t\t\t\t<div class=\"elementor-element elementor-element-587e5adf elementor-widget elementor-widget-text-editor\" data-id=\"587e5adf\" data-element_type=\"widget\" data-e-type=\"widget\" data-widget_type=\"text-editor.default\">\n\t\t\t\t<div class=\"elementor-widget-container\">\n\t\t\t\t\t\t\t\t\t<h5 class=\"m-t-20\"><strong><b>Channels<\/b>:<\/strong><\/h5><ul><li>Programmatic<\/li><li>Social Media<\/li><li>Search<\/li><li>Display<\/li><li>Retargeting<\/li><li>Video<\/li><\/ul><h5 class=\"m-t-20\"><strong><b>Advantages<\/b>:<\/strong><\/h5><ul><li>Audience segmentation<\/li><li>Measurement and optimization in real time<\/li><li>OOH synergy<\/li><\/ul><p><a class=\"btn-video2\" href=\"https:\/\/vimeo.com\/864565997\" data-fancybox=\"\" rel=\"nofollow noopener\" target=\"_blank\"><i class=\"bx bx-play\"><\/i>Case Coca Cola<\/a><\/p>\t\t\t\t\t\t\t\t<\/div>\n\t\t\t\t<\/div>\n\t\t\t\t\t<\/div>\n\t\t\t\t<\/div>\n\t\t\t\t<\/div>\n\t\t<\/div>\n\t\t\t\t<\/div>\n\t\t\t<\/div>\n\t\t<\/div><\/div>\t\t\t\t<\/div>\n\t\t\t\t<\/div>\n\t\t\t\t<\/div>\n\t\t<div class=\"elementor-element elementor-element-9bacc8e e-con-full col-right e-flex e-con e-child\" data-id=\"9bacc8e\" data-element_type=\"container\" data-e-type=\"container\">\n\t\t\t\t<div class=\"elementor-element elementor-element-1a07f2e elementor-absolute elementor-widget elementor-widget-html\" data-id=\"1a07f2e\" data-element_type=\"widget\" data-e-type=\"widget\" data-settings=\"{&quot;_position&quot;:&quot;absolute&quot;}\" data-widget_type=\"html.default\">\n\t\t\t\t<div class=\"elementor-widget-container\">\n\t\t\t\t\t<script type=\"application\/ld+json\">\r\n{\r\n  \"@context\": \"https:\/\/schema.org\",\r\n  \"@type\": \"VideoObject\",\r\n  \"embedUrl\": \"https:\/\/player.vimeo.com\/video\/864563572\",\r\n  \"name\": \"Latcom\",\r\n  \"description\": \"El MOOH es la categor\u00eda que nos permite segmentar una zona geogr\u00e1fica (soporte OOH o punto de inter\u00e9s) y una audiencia espec\u00edfica.\",\r\n  \"uploadDate\": \"2023-11-21T12:24:44Z\",\r\n  \"thumbnailUrl\": \"https:\/\/vumbnail.com\/864563572.jpg\",\r\n  \"isFamilyFriendly\": \"1\"\r\n}\r\n<\/script>\r\n\t\t\t\t<\/div>\n\t\t\t\t<\/div>\n\t\t\t\t<div class=\"elementor-element elementor-element-65cf2fe elementor-widget elementor-widget-video\" data-id=\"65cf2fe\" data-element_type=\"widget\" data-e-type=\"widget\" data-settings=\"{&quot;video_type&quot;:&quot;vimeo&quot;,&quot;autoplay&quot;:&quot;yes&quot;,&quot;mute&quot;:&quot;yes&quot;,&quot;loop&quot;:&quot;yes&quot;}\" data-widget_type=\"video.default\">\n\t\t\t\t<div class=\"elementor-widget-container\">\n\t\t\t\t\t\t\t<div class=\"elementor-wrapper elementor-open-inline\">\n\t\t\t<iframe class=\"elementor-video-iframe\" allowfullscreen allow=\"autoplay\" title=\"vimeo Video Player\" src=\"https:\/\/player.vimeo.com\/video\/864565264?autoplay=1&amp;color&amp;autopause=0&amp;loop=1&amp;muted=1&amp;title=0&amp;portrait=0&amp;byline=0#t=\"><\/iframe>\t\t<\/div>\n\t\t\t\t\t\t<\/div>\n\t\t\t\t<\/div>\n\t\t\t\t<\/div>\n\t\t\t\t<\/div>\n\t\t\t\t<\/div>\n\t\t\t\t<\/div>\n\t\t\t\t<\/div>\n\t\t\t\t<\/div>\n\t\t","protected":false},"excerpt":{"rendered":"","protected":false},"author":1,"featured_media":0,"parent":14456,"menu_order":0,"comment_status":"closed","ping_status":"closed","template":"","meta":{"_acf_changed":false,"inline_featured_image":false,"footnotes":""},"class_list":["post-14478","page","type-page","status-publish"],"acf":[],"lang":"en","translations":{"en":14478,"es":1597,"pt":14480},"pll_sync_post":[],"_links":{"self":[{"href":"https:\/\/latcom.com\/latcom\/wp-json\/wp\/v2\/pages\/14478","targetHints":{"allow":["GET"]}}],"collection":[{"href":"https:\/\/latcom.com\/latcom\/wp-json\/wp\/v2\/pages"}],"about":[{"href":"https:\/\/latcom.com\/latcom\/wp-json\/wp\/v2\/types\/page"}],"author":[{"embeddable":true,"href":"https:\/\/latcom.com\/latcom\/wp-json\/wp\/v2\/users\/1"}],"replies":[{"embeddable":true,"href":"https:\/\/latcom.com\/latcom\/wp-json\/wp\/v2\/comments?post=14478"}],"version-history":[{"count":23,"href":"https:\/\/latcom.com\/latcom\/wp-json\/wp\/v2\/pages\/14478\/revisions"}],"predecessor-version":[{"id":27135,"href":"https:\/\/latcom.com\/latcom\/wp-json\/wp\/v2\/pages\/14478\/revisions\/27135"}],"up":[{"embeddable":true,"href":"https:\/\/latcom.com\/latcom\/wp-json\/wp\/v2\/pages\/14456"}],"wp:attachment":[{"href":"https:\/\/latcom.com\/latcom\/wp-json\/wp\/v2\/media?parent=14478"}],"curies":[{"name":"wp","href":"https:\/\/api.w.org\/{rel}","templated":true}]}}