{"id":14462,"date":"2023-08-07T10:30:28","date_gmt":"2023-08-07T13:30:28","guid":{"rendered":"http:\/\/18.228.156.244\/latcom\/?page_id=14462"},"modified":"2024-07-29T11:26:01","modified_gmt":"2024-07-29T14:26:01","slug":"cinema","status":"publish","type":"page","link":"https:\/\/latcom.com\/latcom\/pt\/out-of-home\/cinema\/","title":{"rendered":"Cinema"},"content":{"rendered":"<style>.elementor-14462 .elementor-element.elementor-element-8cb555d{--display:flex;--flex-direction:row;--container-widget-width:calc( ( 1 - var( --container-widget-flex-grow ) ) * 100% );--container-widget-height:100%;--container-widget-flex-grow:1;--container-widget-align-self:stretch;--flex-wrap-mobile:wrap;--align-items:stretch;--gap:0px 0px;--row-gap:0px;--column-gap:0px;--margin-top:0px;--margin-bottom:0px;--margin-left:0px;--margin-right:0px;--padding-top:10px;--padding-bottom:10px;--padding-left:0px;--padding-right:0px;}.elementor-14462 .elementor-element.elementor-element-8cb555d:not(.elementor-motion-effects-element-type-background), .elementor-14462 .elementor-element.elementor-element-8cb555d > .elementor-motion-effects-container > .elementor-motion-effects-layer{background-color:#00294F;}.elementor-14462 .elementor-element.elementor-element-9207a2a{--display:flex;--justify-content:center;--align-items:center;--container-widget-width:calc( ( 1 - var( --container-widget-flex-grow ) ) * 100% );--margin-top:0px;--margin-bottom:0px;--margin-left:0px;--margin-right:0px;--padding-top:0px;--padding-bottom:0px;--padding-left:0px;--padding-right:0px;}.elementor-14462 .elementor-element.elementor-element-9207a2a.e-con{--flex-grow:0;--flex-shrink:0;}.elementor-widget-button .elementor-button{font-weight:var( --e-global-typography-accent-font-weight );background-color:var( --e-global-color-accent );}.elementor-14462 .elementor-element.elementor-element-ffe857c .elementor-button{background-color:#E06330;border-style:solid;border-width:1px 1px 1px 1px;border-color:#FFFFFF;border-radius:50px 50px 50px 50px;}.elementor-14462 .elementor-element.elementor-element-ffe857c .elementor-button:hover, .elementor-14462 .elementor-element.elementor-element-ffe857c .elementor-button:focus{color:#E06330;background-color:#FFFFFF;}.elementor-14462 .elementor-element.elementor-element-ffe857c .elementor-button:hover svg, .elementor-14462 .elementor-element.elementor-element-ffe857c .elementor-button:focus svg{fill:#E06330;}.elementor-14462 .elementor-element.elementor-element-ffe857c.elementor-element{--align-self:center;}.elementor-14462 .elementor-element.elementor-element-92a40ff{--display:flex;--justify-content:center;--align-items:center;--container-widget-width:calc( ( 1 - var( --container-widget-flex-grow ) ) * 100% );--margin-top:0px;--margin-bottom:0px;--margin-left:0px;--margin-right:0px;--padding-top:5px;--padding-bottom:10px;--padding-left:0px;--padding-right:0px;}.elementor-14462 .elementor-element.elementor-element-92a40ff.e-con{--align-self:center;}.elementor-widget-heading .elementor-heading-title{font-weight:var( --e-global-typography-primary-font-weight );color:var( --e-global-color-primary );}.elementor-14462 .elementor-element.elementor-element-d075e37{text-align:center;}.elementor-14462 .elementor-element.elementor-element-d075e37 .elementor-heading-title{font-family:\"Sofia Pro\", Sans-serif;font-size:40px;font-weight:500;color:#FFFFFF;}.elementor-14462 .elementor-element.elementor-element-d075e37 > .elementor-widget-container{margin:0px 0px 0px 0px;padding:0px 0px 0px 0px;}.elementor-14462 .elementor-element.elementor-element-5249c62{--display:flex;--justify-content:center;--margin-top:0px;--margin-bottom:0px;--margin-left:0px;--margin-right:0px;--padding-top:0px;--padding-bottom:0px;--padding-left:0px;--padding-right:0px;}.elementor-14462 .elementor-element.elementor-element-5249c62.e-con{--flex-grow:0;--flex-shrink:0;}.elementor-14462 .elementor-element.elementor-element-1f944bc{--display:flex;--align-items:stretch;--container-widget-width:calc( ( 1 - var( --container-widget-flex-grow ) ) * 100% );--gap:0px 0px;--row-gap:0px;--column-gap:0px;--margin-top:0px;--margin-bottom:0px;--margin-left:0px;--margin-right:0px;--padding-top:0px;--padding-bottom:0px;--padding-left:0px;--padding-right:0px;}.elementor-14462 .elementor-element.elementor-element-46dd60c{--display:flex;--margin-top:0px;--margin-bottom:0px;--margin-left:0px;--margin-right:0px;--padding-top:0px;--padding-bottom:0px;--padding-left:0px;--padding-right:0px;}.elementor-14462 .elementor-element.elementor-element-b64783d{--display:flex;--margin-top:0px;--margin-bottom:0px;--margin-left:0px;--margin-right:0px;--padding-top:0px;--padding-bottom:0px;--padding-left:0px;--padding-right:0px;}.elementor-14462 .elementor-element.elementor-element-27d967a{--display:flex;--flex-direction:row;--container-widget-width:calc( ( 1 - var( --container-widget-flex-grow ) ) * 100% );--container-widget-height:100%;--container-widget-flex-grow:1;--container-widget-align-self:stretch;--flex-wrap-mobile:wrap;--align-items:stretch;--gap:10px 10px;--row-gap:10px;--column-gap:10px;--margin-top:0px;--margin-bottom:0px;--margin-left:0px;--margin-right:0px;--padding-top:0px;--padding-bottom:0px;--padding-left:0px;--padding-right:0px;}.elementor-14462 .elementor-element.elementor-element-27d967a:not(.elementor-motion-effects-element-type-background), .elementor-14462 .elementor-element.elementor-element-27d967a > .elementor-motion-effects-container > .elementor-motion-effects-layer{background-color:#FFFFFF;}.elementor-14462 .elementor-element.elementor-element-2acd557{--display:flex;--justify-content:flex-start;--padding-top:30px;--padding-bottom:30px;--padding-left:30px;--padding-right:30px;}.elementor-14462 .elementor-element.elementor-element-ed5ab58{--display:flex;}.elementor-14462 .elementor-element.elementor-element-3d517b1{--display:flex;--flex-direction:row;--container-widget-width:initial;--container-widget-height:100%;--container-widget-flex-grow:1;--container-widget-align-self:stretch;--flex-wrap-mobile:wrap;--gap:0px 0px;--row-gap:0px;--column-gap:0px;--margin-top:0px;--margin-bottom:0px;--margin-left:0px;--margin-right:0px;--padding-top:0px;--padding-bottom:0px;--padding-left:0px;--padding-right:0px;}.elementor-14462 .elementor-element.elementor-element-3b566cb{--display:flex;--justify-content:center;}.elementor-14462 .elementor-element.elementor-element-3b566cb.e-con{--flex-grow:0;--flex-shrink:0;}.elementor-widget-image .widget-image-caption{color:var( --e-global-color-text );font-weight:var( --e-global-typography-text-font-weight );}.elementor-14462 .elementor-element.elementor-element-23cb404 img{filter:brightness( 0% ) contrast( 0% ) saturate( 103% ) blur( 0px ) hue-rotate( 0deg );}.elementor-14462 .elementor-element.elementor-element-23cb404{width:initial;max-width:initial;}.elementor-14462 .elementor-element.elementor-element-23cb404.elementor-element{--flex-grow:0;--flex-shrink:0;}.elementor-14462 .elementor-element.elementor-element-9684691{--display:flex;--justify-content:center;}.elementor-14462 .elementor-element.elementor-element-d8e016d .elementor-heading-title{font-family:\"Prompt\", Sans-serif;font-weight:800;color:#0C125F;}.elementor-14462 .elementor-element.elementor-element-d8e016d > .elementor-widget-container{margin:0px 0px 0px 0px;padding:0px 0px 0px 20px;}.elementor-widget-text-editor{font-weight:var( --e-global-typography-text-font-weight );color:var( --e-global-color-text );}.elementor-widget-text-editor.elementor-drop-cap-view-stacked .elementor-drop-cap{background-color:var( --e-global-color-primary );}.elementor-widget-text-editor.elementor-drop-cap-view-framed .elementor-drop-cap, .elementor-widget-text-editor.elementor-drop-cap-view-default .elementor-drop-cap{color:var( --e-global-color-primary );border-color:var( --e-global-color-primary );}.elementor-14462 .elementor-element.elementor-element-6ca2804{font-family:\"Sofia Pro\", Sans-serif;font-weight:400;color:#0C125F;}.elementor-14462 .elementor-element.elementor-element-33b3edf{--display:flex;--padding-top:0px;--padding-bottom:0px;--padding-left:0px;--padding-right:0px;}.elementor-14462 .elementor-element.elementor-element-07ca4d4{--e-image-carousel-slides-to-show:1;width:auto;max-width:auto;}.elementor-14462 .elementor-element.elementor-element-07ca4d4 > .elementor-widget-container{margin:0px 0px 0px 0px;padding:0px 0px 0px 0px;}@media(max-width:1024px){.elementor-14462 .elementor-element.elementor-element-d075e37 .elementor-heading-title{font-size:42px;}}@media(max-width:767px){.elementor-14462 .elementor-element.elementor-element-8cb555d{--padding-top:10px;--padding-bottom:10px;--padding-left:0px;--padding-right:0px;}.elementor-14462 .elementor-element.elementor-element-9207a2a{--width:100%;--margin-top:0px;--margin-bottom:0px;--margin-left:0px;--margin-right:0px;--padding-top:0px;--padding-bottom:0px;--padding-left:0px;--padding-right:0px;}.elementor-14462 .elementor-element.elementor-element-ffe857c.elementor-element{--align-self:center;}.elementor-14462 .elementor-element.elementor-element-92a40ff{--width:100%;--align-items:center;--container-widget-width:calc( ( 1 - var( --container-widget-flex-grow ) ) * 100% );}.elementor-14462 .elementor-element.elementor-element-d075e37 .elementor-heading-title{font-size:24px;}.elementor-14462 .elementor-element.elementor-element-5249c62{--width:100%;--margin-top:0px;--margin-bottom:0px;--margin-left:0px;--margin-right:0px;--padding-top:0px;--padding-bottom:0px;--padding-left:0px;--padding-right:0px;}}@media(min-width:768px){.elementor-14462 .elementor-element.elementor-element-9207a2a{--width:15%;}.elementor-14462 .elementor-element.elementor-element-5249c62{--width:15%;}.elementor-14462 .elementor-element.elementor-element-2acd557{--width:34.979%;}.elementor-14462 .elementor-element.elementor-element-3b566cb{--width:21.02%;}.elementor-14462 .elementor-element.elementor-element-33b3edf{--width:65.021%;}}<\/style>\t\t<div data-elementor-type=\"wp-page\" data-elementor-id=\"14462\" class=\"elementor elementor-14462\">\n\t\t\t\t<div class=\"elementor-element elementor-element-8cb555d e-con-full e-flex e-con e-parent\" data-id=\"8cb555d\" data-element_type=\"container\" data-e-type=\"container\" data-settings=\"{&quot;background_background&quot;:&quot;classic&quot;}\">\n\t\t<div class=\"elementor-element elementor-element-9207a2a e-con-full e-flex e-con e-child\" data-id=\"9207a2a\" data-element_type=\"container\" data-e-type=\"container\">\n\t\t\t\t<div class=\"elementor-element elementor-element-ffe857c elementor-align-center volver-atras elementor-widget elementor-widget-button\" data-id=\"ffe857c\" data-element_type=\"widget\" data-e-type=\"widget\" data-widget_type=\"button.default\">\n\t\t\t\t<div class=\"elementor-widget-container\">\n\t\t\t\t\t\t\t\t\t<div class=\"elementor-button-wrapper\">\n\t\t\t\t\t<a class=\"elementor-button elementor-button-link elementor-size-sm elementor-animation-pop\" href=\"#\">\n\t\t\t\t\t\t<span class=\"elementor-button-content-wrapper\">\n\t\t\t\t\t\t\t\t\t<span class=\"elementor-button-text\">&lt;&lt; Retornar<\/span>\n\t\t\t\t\t<\/span>\n\t\t\t\t\t<\/a>\n\t\t\t\t<\/div>\n\t\t\t\t\t\t\t\t<\/div>\n\t\t\t\t<\/div>\n\t\t\t\t<\/div>\n\t\t<div class=\"elementor-element elementor-element-92a40ff e-con-full e-flex e-con e-child\" data-id=\"92a40ff\" data-element_type=\"container\" data-e-type=\"container\">\n\t\t\t\t<div class=\"elementor-element elementor-element-d075e37 elementor-widget elementor-widget-heading\" data-id=\"d075e37\" data-element_type=\"widget\" data-e-type=\"widget\" data-widget_type=\"heading.default\">\n\t\t\t\t<div class=\"elementor-widget-container\">\n\t\t\t\t\t<h2 class=\"elementor-heading-title elementor-size-default\">Out Of Home<\/h2>\t\t\t\t<\/div>\n\t\t\t\t<\/div>\n\t\t\t\t<\/div>\n\t\t<div class=\"elementor-element elementor-element-5249c62 e-con-full e-flex e-con e-child\" data-id=\"5249c62\" data-element_type=\"container\" data-e-type=\"container\">\n\t\t\t\t<\/div>\n\t\t\t\t<\/div>\n\t\t<div class=\"elementor-element elementor-element-1f944bc e-con-full e-flex e-con e-parent\" data-id=\"1f944bc\" data-element_type=\"container\" data-e-type=\"container\" data-settings=\"{&quot;background_background&quot;:&quot;classic&quot;}\">\n\t\t<div class=\"elementor-element elementor-element-46dd60c e-con-full section e-flex e-con e-child\" data-id=\"46dd60c\" data-element_type=\"container\" data-e-type=\"container\">\n\t\t<div class=\"elementor-element elementor-element-b64783d e-con-full e-flex e-con e-child\" data-id=\"b64783d\" data-element_type=\"container\" data-e-type=\"container\">\n\t\t<div class=\"elementor-element elementor-element-27d967a e-con-full e-flex e-con e-child\" data-id=\"27d967a\" data-element_type=\"container\" data-e-type=\"container\" data-settings=\"{&quot;background_background&quot;:&quot;classic&quot;}\">\n\t\t<div class=\"elementor-element elementor-element-2acd557 e-con-full e-flex e-con e-child\" data-id=\"2acd557\" data-element_type=\"container\" data-e-type=\"container\">\n\t\t<div class=\"elementor-element elementor-element-ed5ab58 e-flex e-con-boxed e-con e-child\" data-id=\"ed5ab58\" data-element_type=\"container\" data-e-type=\"container\">\n\t\t\t\t\t<div class=\"e-con-inner\">\n\t\t<div class=\"elementor-element elementor-element-3d517b1 e-flex e-con-boxed e-con e-child\" data-id=\"3d517b1\" data-element_type=\"container\" data-e-type=\"container\">\n\t\t\t\t\t<div class=\"e-con-inner\">\n\t\t<div class=\"elementor-element elementor-element-3b566cb e-con-full e-flex e-con e-child\" data-id=\"3b566cb\" data-element_type=\"container\" data-e-type=\"container\">\n\t\t\t\t<div class=\"elementor-element elementor-element-23cb404 elementor-widget__width-initial elementor-widget elementor-widget-image\" data-id=\"23cb404\" data-element_type=\"widget\" data-e-type=\"widget\" data-widget_type=\"image.default\">\n\t\t\t\t<div class=\"elementor-widget-container\">\n\t\t\t\t\t\t\t\t\t\t\t\t\t\t\t<img decoding=\"async\" width=\"150\" height=\"150\" src=\"https:\/\/latcom.com\/latcom\/wp-content\/uploads\/2023\/05\/cine.svg\" class=\"attachment-thumbnail size-thumbnail wp-image-8869\" alt=\"\" title=\"\">\t\t\t\t\t\t\t\t\t\t\t\t\t\t\t<\/div>\n\t\t\t\t<\/div>\n\t\t\t\t<\/div>\n\t\t<div class=\"elementor-element elementor-element-9684691 e-flex e-con-boxed e-con e-child\" data-id=\"9684691\" data-element_type=\"container\" data-e-type=\"container\">\n\t\t\t\t\t<div class=\"e-con-inner\">\n\t\t\t\t<div class=\"elementor-element elementor-element-d8e016d elementor-widget elementor-widget-heading\" data-id=\"d8e016d\" data-element_type=\"widget\" data-e-type=\"widget\" data-widget_type=\"heading.default\">\n\t\t\t\t<div class=\"elementor-widget-container\">\n\t\t\t\t\t<h2 class=\"elementor-heading-title elementor-size-default\">Cinema<\/h2>\t\t\t\t<\/div>\n\t\t\t\t<\/div>\n\t\t\t\t\t<\/div>\n\t\t\t\t<\/div>\n\t\t\t\t\t<\/div>\n\t\t\t\t<\/div>\n\t\t\t\t\t<\/div>\n\t\t\t\t<\/div>\n\t\t\t\t<div class=\"elementor-element elementor-element-6ca2804 elementor-widget elementor-widget-text-editor\" data-id=\"6ca2804\" data-element_type=\"widget\" data-e-type=\"widget\" data-widget_type=\"text-editor.default\">\n\t\t\t\t<div class=\"elementor-widget-container\">\n\t\t\t\t\t\t\t\t\t<p>Publicidade exibida em centros de entretenimento que permite atingir um p\u00fablico receptivo, comprometido e expectante de forma efetiva.<\/p><p><strong>Atributos:<\/strong> qualidade de contato e entretenimento.<\/p><p><strong>Suportes:<\/strong><\/p><ul class=\"list-icons\"><li><i class=\"bx bxs-chevron-right text-info\"><\/i>\u00a0Na tela: Spots.<\/li><li><i class=\"bx bxs-chevron-right text-info\"><\/i>\u00a0No local: A\u00e7\u00f5es BTL em salas e diversos formatos nas \u00e1reas comuns do cinema.<\/li><\/ul>\t\t\t\t\t\t\t\t<\/div>\n\t\t\t\t<\/div>\n\t\t\t\t<\/div>\n\t\t<div class=\"elementor-element elementor-element-33b3edf e-con-full col-right e-flex e-con e-child\" data-id=\"33b3edf\" data-element_type=\"container\" data-e-type=\"container\">\n\t\t\t\t<div class=\"elementor-element elementor-element-07ca4d4 elementor-widget__width-auto elementor-arrows-position-inside elementor-widget elementor-widget-image-carousel\" data-id=\"07ca4d4\" data-element_type=\"widget\" data-e-type=\"widget\" data-settings=\"{&quot;slides_to_show&quot;:&quot;1&quot;,&quot;pause_on_hover&quot;:&quot;no&quot;,&quot;autoplay_speed&quot;:2000,&quot;navigation&quot;:&quot;arrows&quot;,&quot;autoplay&quot;:&quot;yes&quot;,&quot;pause_on_interaction&quot;:&quot;yes&quot;,&quot;infinite&quot;:&quot;yes&quot;,&quot;effect&quot;:&quot;slide&quot;,&quot;speed&quot;:500}\" data-widget_type=\"image-carousel.default\">\n\t\t\t\t<div class=\"elementor-widget-container\">\n\t\t\t\t\t\t\t<div class=\"elementor-image-carousel-wrapper swiper\" role=\"region\" aria-roledescription=\"carousel\" aria-label=\"Carrossel de imagens\" dir=\"ltr\">\n\t\t\t<div class=\"elementor-image-carousel swiper-wrapper swiper-image-stretch\" aria-live=\"off\">\n\t\t\t\t\t\t\t\t<div class=\"swiper-slide\" role=\"group\" aria-roledescription=\"slide\" aria-label=\"1 de 3\"><figure class=\"swiper-slide-inner\"><img decoding=\"async\" class=\"swiper-slide-image\" src=\"https:\/\/latcom.com\/latcom\/wp-content\/uploads\/2022\/12\/cine-1.jpg\" alt=\"Cinema\" title=\"\"><\/figure><\/div><div class=\"swiper-slide\" role=\"group\" aria-roledescription=\"slide\" aria-label=\"2 de 3\"><figure class=\"swiper-slide-inner\"><img decoding=\"async\" class=\"swiper-slide-image\" src=\"https:\/\/latcom.com\/latcom\/wp-content\/uploads\/2022\/12\/cine-2.jpg\" alt=\"Cine\" title=\"\"><\/figure><\/div><div class=\"swiper-slide\" role=\"group\" aria-roledescription=\"slide\" aria-label=\"3 de 3\"><figure class=\"swiper-slide-inner\"><img decoding=\"async\" class=\"swiper-slide-image\" src=\"https:\/\/latcom.com\/latcom\/wp-content\/uploads\/2022\/12\/cine-3.jpg\" alt=\"Movie Theater\" title=\"\"><\/figure><\/div>\t\t\t<\/div>\n\t\t\t\t\t\t\t\t\t\t\t\t<div class=\"elementor-swiper-button elementor-swiper-button-prev\" role=\"button\" tabindex=\"0\">\n\t\t\t\t\t\t<i aria-hidden=\"true\" class=\"eicon-chevron-left\"><\/i>\t\t\t\t\t<\/div>\n\t\t\t\t\t<div class=\"elementor-swiper-button elementor-swiper-button-next\" role=\"button\" tabindex=\"0\">\n\t\t\t\t\t\t<i aria-hidden=\"true\" class=\"eicon-chevron-right\"><\/i>\t\t\t\t\t<\/div>\n\t\t\t\t\n\t\t\t\t\t\t\t\t\t<\/div>\n\t\t\t\t\t\t<\/div>\n\t\t\t\t<\/div>\n\t\t\t\t<\/div>\n\t\t\t\t<\/div>\n\t\t\t\t<\/div>\n\t\t\t\t<\/div>\n\t\t\t\t<\/div>\n\t\t\t\t<\/div>\n\t\t","protected":false},"excerpt":{"rendered":"","protected":false},"author":1,"featured_media":0,"parent":14458,"menu_order":0,"comment_status":"closed","ping_status":"closed","template":"","meta":{"_acf_changed":false,"inline_featured_image":false,"footnotes":""},"class_list":["post-14462","page","type-page","status-publish"],"acf":[],"lang":"pt","translations":{"pt":14462,"en":14460,"es":1605},"pll_sync_post":[],"_links":{"self":[{"href":"https:\/\/latcom.com\/latcom\/wp-json\/wp\/v2\/pages\/14462","targetHints":{"allow":["GET"]}}],"collection":[{"href":"https:\/\/latcom.com\/latcom\/wp-json\/wp\/v2\/pages"}],"about":[{"href":"https:\/\/latcom.com\/latcom\/wp-json\/wp\/v2\/types\/page"}],"author":[{"embeddable":true,"href":"https:\/\/latcom.com\/latcom\/wp-json\/wp\/v2\/users\/1"}],"replies":[{"embeddable":true,"href":"https:\/\/latcom.com\/latcom\/wp-json\/wp\/v2\/comments?post=14462"}],"version-history":[{"count":12,"href":"https:\/\/latcom.com\/latcom\/wp-json\/wp\/v2\/pages\/14462\/revisions"}],"predecessor-version":[{"id":27282,"href":"https:\/\/latcom.com\/latcom\/wp-json\/wp\/v2\/pages\/14462\/revisions\/27282"}],"up":[{"embeddable":true,"href":"https:\/\/latcom.com\/latcom\/wp-json\/wp\/v2\/pages\/14458"}],"wp:attachment":[{"href":"https:\/\/latcom.com\/latcom\/wp-json\/wp\/v2\/media?parent=14462"}],"curies":[{"name":"wp","href":"https:\/\/api.w.org\/{rel}","templated":true}]}}