{"id":14458,"date":"2023-08-07T10:29:15","date_gmt":"2023-08-07T13:29:15","guid":{"rendered":"http:\/\/18.228.156.244\/latcom\/?page_id=14458"},"modified":"2025-02-11T12:27:28","modified_gmt":"2025-02-11T15:27:28","slug":"out-of-home","status":"publish","type":"page","link":"https:\/\/latcom.com\/latcom\/pt\/out-of-home\/","title":{"rendered":"Out Of Home"},"content":{"rendered":"<style>.elementor-14458 .elementor-element.elementor-element-5cc5881{--display:flex;--flex-direction:row;--container-widget-width:calc( ( 1 - var( --container-widget-flex-grow ) ) * 100% );--container-widget-height:100%;--container-widget-flex-grow:1;--container-widget-align-self:stretch;--flex-wrap-mobile:wrap;--align-items:center;--gap:0px 0px;--row-gap:0px;--column-gap:0px;}.elementor-14458 .elementor-element.elementor-element-5cc5881:not(.elementor-motion-effects-element-type-background), .elementor-14458 .elementor-element.elementor-element-5cc5881 > .elementor-motion-effects-container > .elementor-motion-effects-layer{background-color:#00294F;}.elementor-14458 .elementor-element.elementor-element-ab22935{--display:flex;--justify-content:center;}.elementor-widget-text-editor{font-weight:var( --e-global-typography-text-font-weight );color:var( --e-global-color-text );}.elementor-widget-text-editor.elementor-drop-cap-view-stacked .elementor-drop-cap{background-color:var( --e-global-color-primary );}.elementor-widget-text-editor.elementor-drop-cap-view-framed .elementor-drop-cap, .elementor-widget-text-editor.elementor-drop-cap-view-default .elementor-drop-cap{color:var( --e-global-color-primary );border-color:var( --e-global-color-primary );}.elementor-14458 .elementor-element.elementor-element-fe67be1{text-align:center;color:#FFFFFF;}.elementor-14458 .elementor-element.elementor-element-fe67be1.elementor-element{--flex-grow:0;--flex-shrink:0;}.elementor-14458 .elementor-element.elementor-element-7d24c65{--display:flex;--justify-content:center;}.elementor-14458 .elementor-element.elementor-element-3db0817{text-align:center;font-weight:400;color:#FFFFFF;}.elementor-14458 .elementor-element.elementor-element-93dce77{--display:flex;--flex-direction:column;--container-widget-width:calc( ( 1 - var( --container-widget-flex-grow ) ) * 100% );--container-widget-height:initial;--container-widget-flex-grow:0;--container-widget-align-self:initial;--flex-wrap-mobile:wrap;--align-items:stretch;--gap:0px 0px;--row-gap:0px;--column-gap:0px;--margin-top:0px;--margin-bottom:0px;--margin-left:0px;--margin-right:0px;--padding-top:0px;--padding-bottom:0px;--padding-left:0px;--padding-right:0px;}.elementor-14458 .elementor-element.elementor-element-53fd59a{--display:flex;--margin-top:0px;--margin-bottom:0px;--margin-left:0px;--margin-right:0px;--padding-top:0px;--padding-bottom:0px;--padding-left:0px;--padding-right:0px;}.elementor-14458 .elementor-element.elementor-element-634e38d{--display:flex;--flex-direction:column;--container-widget-width:100%;--container-widget-height:initial;--container-widget-flex-grow:0;--container-widget-align-self:initial;--flex-wrap-mobile:wrap;}@media(max-width:767px){.elementor-14458 .elementor-element.elementor-element-5cc5881{--padding-top:0px;--padding-bottom:0px;--padding-left:0px;--padding-right:0px;}.elementor-14458 .elementor-element.elementor-element-ab22935{--width:40%;--flex-direction:row;--container-widget-width:initial;--container-widget-height:100%;--container-widget-flex-grow:1;--container-widget-align-self:stretch;--flex-wrap-mobile:wrap;--justify-content:center;--padding-top:0px;--padding-bottom:0px;--padding-left:0px;--padding-right:0px;}.elementor-14458 .elementor-element.elementor-element-fe67be1{column-gap:0px;}.elementor-14458 .elementor-element.elementor-element-7d24c65{--width:60%;--padding-top:0px;--padding-bottom:0px;--padding-left:0px;--padding-right:0px;}.elementor-14458 .elementor-element.elementor-element-93dce77{--margin-top:0px;--margin-bottom:0px;--margin-left:0px;--margin-right:0px;}}@media(min-width:768px){.elementor-14458 .elementor-element.elementor-element-ab22935{--width:15%;}.elementor-14458 .elementor-element.elementor-element-7d24c65{--width:85%;}}@media(max-width:1024px) and (min-width:768px){.elementor-14458 .elementor-element.elementor-element-ab22935{--width:20%;}.elementor-14458 .elementor-element.elementor-element-7d24c65{--width:80%;}}<\/style>\t\t<div data-elementor-type=\"wp-page\" data-elementor-id=\"14458\" class=\"elementor elementor-14458\">\n\t\t\t\t<div class=\"elementor-element elementor-element-5cc5881 e-con-full e-flex e-con e-parent\" data-id=\"5cc5881\" data-element_type=\"container\" data-e-type=\"container\" data-settings=\"{&quot;background_background&quot;:&quot;classic&quot;}\">\n\t\t<div class=\"elementor-element elementor-element-ab22935 e-con-full e-flex e-con e-child\" data-id=\"ab22935\" data-element_type=\"container\" data-e-type=\"container\">\n\t\t\t\t<div class=\"elementor-element elementor-element-fe67be1 elementor-widget elementor-widget-text-editor\" data-id=\"fe67be1\" data-element_type=\"widget\" data-e-type=\"widget\" data-widget_type=\"text-editor.default\">\n\t\t\t\t<div class=\"elementor-widget-container\">\n\t\t\t\t\t\t\t\t\t<p><div class=\"volver-atras\">\r\n    <div>\r\n        <a class=\"elementor-button elementor-button-link elementor-size-sm elementor-animation-pop\" href=\"#\" style=\"\r\n                        background-color: #E06330;\r\n                        border-style: solid;\r\n                        border-width: 1px 1px 1px 1px;\r\n                        border-color: #FFFFFF;\r\n                        border-radius: 50px 50px 50px 50px;\r\n                        \">\r\n        \t<span class=\"elementor-button-content-wrapper\">\r\n        \t    <span class=\"elementor-button-text\"><< Volver<\/span>\r\n        \t<\/span>\r\n        <\/a>\r\n    <\/div>\r\n<\/div><\/p>\t\t\t\t\t\t\t\t<\/div>\n\t\t\t\t<\/div>\n\t\t\t\t<\/div>\n\t\t<div class=\"elementor-element elementor-element-7d24c65 e-con-full e-flex e-con e-child\" data-id=\"7d24c65\" data-element_type=\"container\" data-e-type=\"container\">\n\t\t\t\t<div class=\"elementor-element elementor-element-3db0817 elementor-widget elementor-widget-text-editor\" data-id=\"3db0817\" data-element_type=\"widget\" data-e-type=\"widget\" data-widget_type=\"text-editor.default\">\n\t\t\t\t<div class=\"elementor-widget-container\">\n\t\t\t\t\t\t\t\t\t<p><h2 class=\"subheader-title\" title=\"Out Of Home\" data-rank-math-title=\"Out Of Home\">Out Of Home<\/h2><\/p>\t\t\t\t\t\t\t\t<\/div>\n\t\t\t\t<\/div>\n\t\t\t\t<\/div>\n\t\t\t\t<\/div>\n\t\t<div class=\"elementor-element elementor-element-93dce77 e-con-full e-flex e-con e-parent\" data-id=\"93dce77\" data-element_type=\"container\" data-e-type=\"container\">\n\t\t<div class=\"elementor-element elementor-element-53fd59a e-con-full e-flex e-con e-child\" data-id=\"53fd59a\" data-element_type=\"container\" data-e-type=\"container\">\n\t\t\t\t<div class=\"elementor-element elementor-element-ab8e80d elementor-widget elementor-widget-html\" data-id=\"ab8e80d\" data-element_type=\"widget\" data-e-type=\"widget\" data-widget_type=\"html.default\">\n\t\t\t\t<div class=\"elementor-widget-container\">\n\t\t\t\t\t<div class=\"ng-accordion--h\">\n    <a href=\"https:\/\/latcom.com\/latcom\/pt\/outdoor\" class=\"ng-accordion-item\">\n        <div class=\"ng-nav-item\">\n            <div class=\"icons_negocios i_outdoor\"><\/div>\n            <h5>Outdoor<\/h5>\n        <\/div>\n    <\/a>\n    <a href=\"https:\/\/latcom.com\/latcom\/pt\/indoor\" class=\"ng-accordion-item\">\n        <div class=\"ng-nav-item\">\n            <div class=\"icons_negocios i_indoor\"><\/div>\n            <h5>Indoor<\/h5>\n        <\/div>\n    <\/a>\n    <a href=\"https:\/\/latcom.com\/latcom\/pt\/digital\" class=\"ng-accordion-item\">\n        <div class=\"ng-nav-item\">\n            <div class=\"icons_negocios i_digital\"><\/div>\n            <h5>Digital<\/h5>\n        <\/div>\n    <\/a>\n    <a href=\"https:\/\/latcom.com\/latcom\/pt\/meios-de-transporte\" class=\"ng-accordion-item\">\n        <div class=\"ng-nav-item\">\n            <div class=\"icons_negocios i_medios-de-transporte\"><\/div>\n            <h5>Meios de Transporte<\/h5>\n        <\/div>\n    <\/a>\n    <a href=\"https:\/\/latcom.com\/latcom\/pt\/mobile-ooh\" class=\"ng-accordion-item\">\n        <div class=\"ng-nav-item\">\n            <div class=\"icons_negocios i_mobile\"><\/div>\n            <h5>Mobile OOH<\/h5>\n        <\/div>\n    <\/a>\n    <a href=\"https:\/\/latcom.com\/latcom\/pt\/cinema\" class=\"ng-accordion-item\">\n        <div class=\"ng-nav-item\">\n            <div class=\"icons_negocios i_cine\"><img decoding=\"async\" src=\"https:\/\/latcom.com\/latcom\/wp-content\/uploads\/2024\/07\/pixelalt.png\" alt=\"Out Of Home\" title=\"\"><\/div>\n            <h5>Cinema<\/h5>\n        <\/div>\n    <\/a>\n<\/div>\t\t\t\t<\/div>\n\t\t\t\t<\/div>\n\t\t\t\t<\/div>\n\t\t\t\t<\/div>\n\t\t<div class=\"elementor-element elementor-element-634e38d ocultar_full e-flex e-con-boxed e-con e-parent\" data-id=\"634e38d\" data-element_type=\"container\" data-e-type=\"container\">\n\t\t\t\t\t<div class=\"e-con-inner\">\n\t\t\t\t<div class=\"elementor-element elementor-element-c2a3249 elementor-widget elementor-widget-text-editor\" data-id=\"c2a3249\" data-element_type=\"widget\" data-e-type=\"widget\" data-widget_type=\"text-editor.default\">\n\t\t\t\t<div class=\"elementor-widget-container\">\n\t\t\t\t\t\t\t\t\t<p><span style=\"font-weight: 400;\">A publicidade externa n\u00e3o apenas desempenha um papel fundamental na gera\u00e7\u00e3o de conscientiza\u00e7\u00e3o, lembran\u00e7a, engajamento e aten\u00e7\u00e3o, mas tamb\u00e9m \u00e9 altamente eficaz na gera\u00e7\u00e3o de m\u00e9tricas importantes e no in\u00edcio de v\u00e1rios tipos de chamadas \u00e0 a\u00e7\u00e3o do consumidor.<\/span><\/p><p><span style=\"font-weight: 400;\">A fun\u00e7\u00e3o da publicidade externa continua a evoluir; ela n\u00e3o \u00e9 mais apenas um meio de divulga\u00e7\u00e3o da marca, mas agora pode estimular a considera\u00e7\u00e3o e a a\u00e7\u00e3o das pessoas, tornando-se um canal capaz de atingir v\u00e1rios objetivos em uma \u00fanica estrat\u00e9gia de marketing.<\/span><\/p>\t\t\t\t\t\t\t\t<\/div>\n\t\t\t\t<\/div>\n\t\t\t\t\t<\/div>\n\t\t\t\t<\/div>\n\t\t\t\t<\/div>\n\t\t","protected":false},"excerpt":{"rendered":"<p>Outdoor Indoor Digital Meios de Transporte Mobile OOH Cinema A publicidade externa n\u00e3o apenas desempenha um papel fundamental na gera\u00e7\u00e3o de conscientiza\u00e7\u00e3o, lembran\u00e7a, engajamento e aten\u00e7\u00e3o, mas tamb\u00e9m \u00e9 altamente eficaz na gera\u00e7\u00e3o de m\u00e9tricas importantes e no in\u00edcio de v\u00e1rios tipos de chamadas \u00e0 a\u00e7\u00e3o do consumidor. A fun\u00e7\u00e3o da publicidade externa continua a &#8230; <a title=\"Out Of Home\" class=\"read-more\" href=\"https:\/\/latcom.com\/latcom\/pt\/out-of-home\/\" aria-label=\"Leer m\u00e1s sobre Out Of Home\">Leer m\u00e1s<\/a><\/p>\n","protected":false},"author":1,"featured_media":0,"parent":0,"menu_order":0,"comment_status":"closed","ping_status":"closed","template":"elementor_canvas","meta":{"_acf_changed":false,"inline_featured_image":false,"footnotes":""},"class_list":["post-14458","page","type-page","status-publish"],"acf":[],"lang":"pt","translations":{"pt":14458,"en":14456,"es":1611},"pll_sync_post":[],"_links":{"self":[{"href":"https:\/\/latcom.com\/latcom\/wp-json\/wp\/v2\/pages\/14458","targetHints":{"allow":["GET"]}}],"collection":[{"href":"https:\/\/latcom.com\/latcom\/wp-json\/wp\/v2\/pages"}],"about":[{"href":"https:\/\/latcom.com\/latcom\/wp-json\/wp\/v2\/types\/page"}],"author":[{"embeddable":true,"href":"https:\/\/latcom.com\/latcom\/wp-json\/wp\/v2\/users\/1"}],"replies":[{"embeddable":true,"href":"https:\/\/latcom.com\/latcom\/wp-json\/wp\/v2\/comments?post=14458"}],"version-history":[{"count":25,"href":"https:\/\/latcom.com\/latcom\/wp-json\/wp\/v2\/pages\/14458\/revisions"}],"predecessor-version":[{"id":30993,"href":"https:\/\/latcom.com\/latcom\/wp-json\/wp\/v2\/pages\/14458\/revisions\/30993"}],"wp:attachment":[{"href":"https:\/\/latcom.com\/latcom\/wp-json\/wp\/v2\/media?parent=14458"}],"curies":[{"name":"wp","href":"https:\/\/api.w.org\/{rel}","templated":true}]}}